{"id":523,"date":"2017-08-09T05:05:15","date_gmt":"2017-08-09T05:05:15","guid":{"rendered":"http:\/\/rushmore.wpcolorlab.com\/?page_id=523"},"modified":"2025-08-18T12:37:48","modified_gmt":"2025-08-18T15:37:48","slug":"fondecyt-regular-1241012-pucv","status":"publish","type":"page","link":"https:\/\/observatoriolatinoamericano.cl\/index.php\/fondecyt-regular-1241012-pucv\/","title":{"rendered":"Proyecto  Fondecyt Regular 1241012"},"content":{"rendered":"<section class=\"kc-elm kc-css-980258 kc_row\"><div class=\"kc-row-container  kc-container\"><div class=\"kc-wrap-columns\"><div class=\"kc-elm kc-css-980339 kc_col-sm-8 kc_column kc_col-sm-8\"><div class=\"kc-col-container\"><div class=\"kc-elm kc-css-807217 kc_text_block\"><\/p>\n<div class=\"kc-elm kc-css-604551 kc_text_block\">\u00a0<strong>ANID\/Fondecyt Regular N\u00b01241012, a\u00f1os 2024-2028<\/strong><\/div>\n<div class=\"kc-elm kc-css-715882 kc_text_block\">\n<p><strong>Nombre del Proyecto:<\/strong> &#8220;Bienestar subjetivo estudiantil universitario: Ideas de futuros perdidos e ideas hantol\u00f3gicas en contextos de transformaci\u00f3n del trabajo humano\".<\/p>\n<p>Investigadora Responsable <strong>Dra. Sandra Iturrieta (PUCV)<\/strong>, Coinvestigadores<strong>\u00a0Dr. Cl\u00e9ment Colin (PUCV)<\/strong>,\u00a0<strong>Dra. Paola Marchant (PUC)<\/strong>,\u00a0<strong>Dr. Carlos Andrade (UCH)<\/strong>.<\/p>\n<\/div>\n<p>\n<\/div><div class=\"kc-elm kc-css-911989 kc_shortcode kc_single_image\">\n\n        <img src=\"https:\/\/observatoriolatinoamericano.cl\/wp-content\/uploads\/2025\/05\/equipo_fondecyt_2.jpeg\" class=\"img-responsive\" alt=\"\" \/>    <\/div>\n\n<div class=\"kc-elm kc-css-648205 kc-title-wrap \">\n\n\t<h2 class=\"kc_title\">Acerca del Proyecto<\/h2>\n<\/div>\n<div class=\"kc-elm kc-css-699361 kc_text_block\"><\/p>\n<p>En el contexto actual, muchas personas viven sus cotidianeidades atravesadas por ideas de futuros poco alentadores, lo que da lugar a imaginarios que idealizan el pasado o proyectan distop\u00edas. En sociedades neoliberales como la chilena, el \u00e9xito y la felicidad se imponen como metas personales ineludibles, especialmente para las juventudes, que han sido profundamente socializadas en este modelo. Estas aspiraciones, sin embargo, muchas veces se vuelven inalcanzables y adoptan un car\u00e1cter hauntol\u00f3gico: se experimentan como presencias ausentes, ideales que gu\u00edan pero que no se concretan, generando malestar y una constante b\u00fasqueda de certezas. Esta tensi\u00f3n se agudiza en un mundo laboral que cambia r\u00e1pidamente por efecto de las tecnolog\u00edas y las transformaciones derivadas de la pandemia. En este escenario, la presente investigaci\u00f3n se propone explorar c\u00f3mo se transmiten, de generaci\u00f3n en generaci\u00f3n, ideas sobre el futuro y visiones hauntol\u00f3gicas que influyen en el bienestar subjetivo de estudiantes universitarios y en su disposici\u00f3n para asumir un rol activo en la transformaci\u00f3n de sus profesiones. Para ello postulamos iniciar la investigaci\u00f3n con un estudio intergeneracional con enfoque de g\u00e9nero, para determinar qu\u00e9 ideas de futuro y hauntol\u00f3gicas son transmitidas de abuelas y abuelos a padres, madres, y sus hijos e hijas. Seguidamente proponemos continuar con la aplicaci\u00f3n de estrategias innovadoras y l\u00fadicas tales como foto lenguaje, animaciones digitales, y la confecci\u00f3n de caleidoscopios, para la construcci\u00f3n de conocimientos en estos campos cuyos niveles de abstracci\u00f3n requieren de ello.<\/p>\n<p>\n<\/div><div class=\"kc-elm kc-css-394189 kc_shortcode kc_single_image\">\n\n        <img src=\"https:\/\/observatoriolatinoamericano.cl\/wp-content\/uploads\/2025\/05\/clement_expone.jpg\" class=\"img-responsive\" alt=\"\" \/>    <\/div>\n<div class=\"kc-elm kc-css-583713\" style=\"height: 20px; clear: both; width:100%;\"><\/div>\n<div class=\"kc-elm kc-css-543976 kc-title-wrap \">\n\n\t<h1 class=\"kc_title\">Videos<\/h1>\n<\/div>\n<div class=\"kc-image-gallery kc-elm kc-css-446054\"><h3 class=\"kc-title image-gallery-title\">Entrevistas a nuestros investigadoras(es):<\/h3>\n<div class=\"kc_image_gallery kc-carousel-image kc-grid \">\n<div class=\"item-grid grid-4\"><a href=\"https:\/\/www.instagram.com\/reel\/DM0Q8E6uO5u\/?utm_source=ig_web_copy_link&amp;igsh=MzRlODBiNWFlZA==\" target=\"_blank\"><img src=\"https:\/\/observatoriolatinoamericano.cl\/wp-content\/uploads\/2025\/08\/video_proyecto_1241012_hozven.png\" alt=\"\"\/><div class=\"kc-image-overlay\"><i class=\"fa-plus\"><\/i><\/div><\/a><\/div><div class=\"item-grid grid-4\"><a href=\"https:\/\/www.instagram.com\/reel\/DL7gmHtRU2U\/?utm_source=ig_web_copy_link&amp;igsh=MzRlODBiNWFlZA==\" target=\"_blank\"><img src=\"https:\/\/observatoriolatinoamericano.cl\/wp-content\/uploads\/2025\/07\/video_proyecto_1241012_andrade.png\" alt=\"\"\/><div class=\"kc-image-overlay\"><i class=\"fa-plus\"><\/i><\/div><\/a><\/div><div class=\"item-grid grid-4\"><a href=\"https:\/\/www.instagram.com\/reel\/DKztigGxhVe\/?utm_source=ig_web_copy_link&amp;igsh=MzRlODBiNWFlZA==\" target=\"_blank\"><img src=\"https:\/\/observatoriolatinoamericano.cl\/wp-content\/uploads\/2025\/07\/video_proyecto_1241012_colin.png\" alt=\"\"\/><div class=\"kc-image-overlay\"><i class=\"fa-plus\"><\/i><\/div><\/a><\/div><div class=\"item-grid grid-4\"><a href=\"https:\/\/www.instagram.com\/reel\/DL2VjY2uoo8\/?utm_source=ig_web_copy_link&amp;igsh=MzRlODBiNWFlZA==\" target=\"_blank\"><img src=\"https:\/\/observatoriolatinoamericano.cl\/wp-content\/uploads\/2025\/07\/video_proyecto_1241012_marchant.png\" alt=\"\"\/><div class=\"kc-image-overlay\"><i class=\"fa-plus\"><\/i><\/div><\/a><\/div><\/div>\n<\/div><div class=\"kc-elm kc-css-785891\" style=\"height: 20px; clear: both; width:100%;\"><\/div>\n<div class=\"kc-elm kc-css-364263 kc-title-wrap \">\n\n\t<h3 class=\"kc_title\">Tesis Proyecto<\/h3>\n<\/div>\n<div class=\"kc-elm kc-css-240549 kc_text_block\"><\/p>\n<p class=\"orc-font-heading\">Tesis de pregrado en a\u00f1o 1 de proyecto titulada <strong>\u201cNociones de felicidad y \u00e9xito de subjetividades en tensi\u00f3n\u201d<\/strong> de Jonathan Franco,\u00a0 que se enmarca en la implementaci\u00f3n del FONDECYT Regular N\u00b01241012, cuyo foco est\u00e1 puesto en c\u00f3mo las juventudes profesionales y en formaci\u00f3n experiencian y conciben las nociones e ideas asociadas al Bienestar Subjetivo.<\/p>\n<p>Actualmente en el a\u00f1o 2 del proyecto Aranza Vargas Donoso, Tesista de Trabajo Social PUCV, se encuentra en su tesis de pregrado con el t\u00edtulo provisorio:<strong> \u201cFelicidad espectral: La herencia del pensamiento religioso y secular en la construcci\u00f3n de felicidad entre estudiantes universitarios\u201d<\/strong><\/p>\n<p>\n<\/div>\n<div class=\"kc-elm kc-css-87250 kc-title-wrap \">\n\n\t<h3 class=\"kc_title\">Tesistas Proyecto<\/h3>\n<\/div>\n<div class=\"col-sm-6 col-md-3\">\n                    <div class=\"profile-card profile-card-meta_classic kc-elm kc-css-115846\">\n                        <figure>\n                             <img width=\"150\" height=\"150\" src=\"https:\/\/observatoriolatinoamericano.cl\/wp-content\/uploads\/2021\/06\/jonathan_franco_obs-150x150.png\" class=\"img-responsive\" alt=\"\" loading=\"lazy\" \/>\n                            <figcaption><a href=\"https:\/\/observatoriolatinoamericano.cl\/index.php\/nucleo_equipo\/jonathan-franco-araya\/\"><h3 class=\"fig-title\">Jonathan Franco Araya<\/h3><\/a><div class=\"fig-title-des\">Licenciado en  Trabajo Social\r\nPontificia Universidad Cat\u00f3lica de Valpara\u00edso\r\nPUCV<\/div><div class=\"fig-meta\"><\/div>\n                            <\/figcaption>\n                        <\/figure><div class=\"profile-card-meta\">\n                                <ul class=\"pfofile-social list-unstyled list-inline\"><li><a href=\"https:\/\/orcid.org\/0000-0003-1812-8080\"> <img src=\"https:\/\/observatoriolatinoamericano.cl\/wp-content\/uploads\/2021\/06\/id-1-2.png\" alt=\"sabbi-social\" class=\"img-responsive\"><\/a><\/li><\/ul>\n                            <\/div><\/div>\n                <\/div><div class=\"col-sm-6 col-md-3\">\n                    <div class=\"profile-card profile-card-meta_classic kc-elm kc-css-115846\">\n                        <figure>\n                             <img width=\"150\" height=\"150\" src=\"https:\/\/observatoriolatinoamericano.cl\/wp-content\/uploads\/2025\/04\/Untitled-design-2-150x150.jpg\" class=\"img-responsive\" alt=\"\" loading=\"lazy\" srcset=\"https:\/\/observatoriolatinoamericano.cl\/wp-content\/uploads\/2025\/04\/Untitled-design-2-150x150.jpg 150w, https:\/\/observatoriolatinoamericano.cl\/wp-content\/uploads\/2025\/04\/Untitled-design-2-300x300.jpg 300w, https:\/\/observatoriolatinoamericano.cl\/wp-content\/uploads\/2025\/04\/Untitled-design-2-768x768.jpg 768w, https:\/\/observatoriolatinoamericano.cl\/wp-content\/uploads\/2025\/04\/Untitled-design-2.jpg 800w\" sizes=\"(max-width: 150px) 100vw, 150px\" \/>\n                            <figcaption><a href=\"https:\/\/observatoriolatinoamericano.cl\/index.php\/nucleo_equipo\/aranza-vargas-donoso\/\"><h3 class=\"fig-title\">Aranza Vargas Donoso<\/h3><\/a><div class=\"fig-title-des\"><!-- wp:paragraph -->\r\n<p>Tesista de Trabajo Social PUCV<\/p>\r\n<!-- \/wp:paragraph -->\r\n<!-- wp:paragraph -->\r\n<p><strong>Proyecto Fondecyt Regular 1241012, a\u00f1os 2024-2028<\/strong><\/p>\r\n<!-- \/wp:paragraph --><\/div><div class=\"fig-meta\"><\/div>\n                            <\/figcaption>\n                        <\/figure><div class=\"profile-card-meta\">\n                                <ul class=\"pfofile-social list-unstyled list-inline\"><\/ul>\n                            <\/div><\/div>\n                <\/div><div class=\"team-clearfix\"><\/div><div class=\"action-wrap text-right-sm kc-elm kc-css-115846\"><a href=\"#\" title=\"btn title\" target=\"_self\" class=\"btn btn-unsolemn btn-action\">View all<\/a><\/div>\n<div class=\"kc-elm kc-css-20958 kc-title-wrap \">\n\n\t<h3 class=\"kc_title\">Equipo Agentes de Campo Proyecto<\/h3>\n<\/div>\n<div class=\"col-sm-6 col-md-4\">\n                    <div class=\"profile-card profile-card-meta_classic kc-elm kc-css-62206\">\n                        <figure>\n                             <img width=\"150\" height=\"150\" src=\"https:\/\/observatoriolatinoamericano.cl\/wp-content\/uploads\/2021\/06\/Raul-Hozven_OBS-1-150x150.jpg\" class=\"img-responsive\" alt=\"\" loading=\"lazy\" srcset=\"https:\/\/observatoriolatinoamericano.cl\/wp-content\/uploads\/2021\/06\/Raul-Hozven_OBS-1-150x150.jpg 150w, https:\/\/observatoriolatinoamericano.cl\/wp-content\/uploads\/2021\/06\/Raul-Hozven_OBS-1-300x300.jpg 300w, https:\/\/observatoriolatinoamericano.cl\/wp-content\/uploads\/2021\/06\/Raul-Hozven_OBS-1.jpg 720w\" sizes=\"(max-width: 150px) 100vw, 150px\" \/>\n                            <figcaption><a href=\"https:\/\/observatoriolatinoamericano.cl\/index.php\/nucleo_equipo\/dr-raul-hozven\/\"><h3 class=\"fig-title\">Dr. Ra\u00fal Hozven<\/h3><\/a><div class=\"fig-title-des\">Doctor en Psicolog\u00eda Pontificia Universidad Cat\u00f3lica de Valpara\u00edso, Chile. Magister en Educaci\u00f3n con menci\u00f3n Curr\u00edculum, Pontificia Universidad Cat\u00f3lica de Valpara\u00edso, Chile. Trabajador Social, Universidad de Valpara\u00edso, Chile. UST-CHILE<\/div><div class=\"fig-meta\"><p class=\"fig-mail\"><strong>Email:<\/strong> <span>raul.hozven@uv.cl<\/span><\/p><\/div>\n                            <\/figcaption>\n                        <\/figure><div class=\"profile-card-meta\">\n                                <ul class=\"pfofile-social list-unstyled list-inline\"><li><a href=\"https:\/\/orcid.org\/0000-0001-5802-0635\"> <img src=\"https:\/\/observatoriolatinoamericano.cl\/wp-content\/uploads\/2021\/06\/id-1-2.png\" alt=\"sabbi-social\" class=\"img-responsive\"><\/a><\/li><li><a href=\"https:\/\/scholar.google.com\/citations?hl=es&#038;user=qdsK3cAAAAAJ\"> <img src=\"https:\/\/observatoriolatinoamericano.cl\/wp-content\/uploads\/2017\/07\/gs-1-2.png\" alt=\"sabbi-social\" class=\"img-responsive\"><\/a><\/li><li><a href=\"https:\/\/uv.cl\"> <img src=\"https:\/\/observatoriolatinoamericano.cl\/wp-content\/uploads\/2021\/06\/Captura-de-pantalla-2025-05-15-143515.png\" alt=\"sabbi-social\" class=\"img-responsive\"><\/a><\/li><\/ul>\n                            <\/div><\/div>\n                <\/div><div class=\"col-sm-6 col-md-4\">\n                    <div class=\"profile-card profile-card-meta_classic kc-elm kc-css-62206\">\n                        <figure>\n                             <img width=\"150\" height=\"150\" src=\"https:\/\/observatoriolatinoamericano.cl\/wp-content\/uploads\/2025\/05\/Patricia_Carrasco_UAysen-150x150.jpg\" class=\"img-responsive\" alt=\"\" loading=\"lazy\" \/>\n                            <figcaption><a href=\"https:\/\/observatoriolatinoamericano.cl\/index.php\/nucleo_equipo\/dra-patricia-carrasco-urrutia\/\"><h3 class=\"fig-title\">Dra. Patricia Carrasco Urrutia<\/h3><\/a><div class=\"fig-title-des\">Doctora en Ciencias Sociales (Ciencias Sociales y politicas), Universidad Iberoamericana: Ciudad de Mexico, Ciudad de M\u00e9xico, MX.  Magister en Ciencias Sociales Aplicadas, Universidad de La Frontera Temuco Chile. Asistente Social, Universidad de La Frontera, Temuco Chile.<\/div><div class=\"fig-meta\"><\/div>\n                            <\/figcaption>\n                        <\/figure><div class=\"profile-card-meta\">\n                                <ul class=\"pfofile-social list-unstyled list-inline\"><li><a href=\"https:\/\/orcid.org\/0000-0002-4136-0606\"> <img src=\"https:\/\/observatoriolatinoamericano.cl\/wp-content\/uploads\/2021\/06\/id-1-2.png\" alt=\"sabbi-social\" class=\"img-responsive\"><\/a><\/li><li><a href=\"https:\/\/uaysen.cl\"> <img src=\"https:\/\/observatoriolatinoamericano.cl\/wp-content\/uploads\/2025\/05\/uAysen.png\" alt=\"sabbi-social\" class=\"img-responsive\"><\/a><\/li><\/ul>\n                            <\/div><\/div>\n                <\/div><div class=\"team-clearfix\"><\/div><div class=\"col-sm-6 col-md-4\">\n                    <div class=\"profile-card profile-card-meta_classic kc-elm kc-css-62206\">\n                        <figure>\n                             <img width=\"150\" height=\"150\" src=\"https:\/\/observatoriolatinoamericano.cl\/wp-content\/uploads\/2025\/05\/Maria_Cristina_Gonzalez_UAtacama-2-150x150.jpg\" class=\"img-responsive\" alt=\"\" loading=\"lazy\" \/>\n                            <figcaption><a href=\"https:\/\/observatoriolatinoamericano.cl\/index.php\/nucleo_equipo\/maria-cristina-gonzalez-campos\/\"><h3 class=\"fig-title\">Mar\u00eda Cristina Gonz\u00e1lez Campos<\/h3><\/a><div class=\"fig-title-des\">Doctora en Sociolog\u00eda\r\nM\u00e1ster en Metodolog\u00eda de la Investigaci\u00f3n en Ciencias Sociales\r\nM\u00e1ster en Historia Latinoamericana\r\nAntrop\u00f3loga\r\nAsistente Social<\/div><div class=\"fig-meta\"><\/div>\n                            <\/figcaption>\n                        <\/figure><div class=\"profile-card-meta\">\n                                <ul class=\"pfofile-social list-unstyled list-inline\"><li><a href=\"https:\/\/scholar.google.es\/citations?user=RyVhFXoAAAAJ&#038;hl=es\"> <img src=\"https:\/\/observatoriolatinoamericano.cl\/wp-content\/uploads\/2017\/07\/gs-1-2.png\" alt=\"sabbi-social\" class=\"img-responsive\"><\/a><\/li><li><a href=\"https:\/\/uda.cl\"> <img src=\"https:\/\/observatoriolatinoamericano.cl\/wp-content\/uploads\/2025\/05\/Captura-de-pantalla-2025-05-15-143348.png\" alt=\"sabbi-social\" class=\"img-responsive\"><\/a><\/li><\/ul>\n                            <\/div><\/div>\n                <\/div><div class=\"action-wrap text-right-sm kc-elm kc-css-62206\"><a href=\"#\" title=\"btn title\" target=\"_self\" class=\"btn btn-unsolemn btn-action\">View all<\/a><\/div><\/div><\/div><div class=\"kc-elm kc-css-3309 kc_col-sm-4 kc_column kc_col-sm-4\"><div class=\"kc-col-container\"><div class=\"addr_future_memb kc-elm kc-css-681486\"><h4 class=\"entry-title\">Direcci\u00f3n<\/h4><div class=\"address-entry\"><p class=\"__ad-num\">Pontificia Universidad Cat\u00f3lica de Valpatra\u00edso\r<\/p><p class=\"__ad-num\">Edificio Monse\u00f1or Gimpert Avda. Brasil 2830\r<\/p><p class=\"__ad-num\">Valpara\u00edso, Chile.<\/p><\/div><\/div><div class=\"addr_future_memb contact-info kc-elm kc-css-802415\"><h4 class=\"entry-title\">Informaci\u00f3n de Contacto<\/h4><p class=\"__ci_num\"><\/p>\n<p><strong>Investigadora Responsable:<\/strong><\/p>\n<p>Dra. Sandra Iturieta Olivare<strong>s<\/strong><\/p>\n<p><strong>Email:<\/strong> sandra.iturrieta@pucv.cl<\/p>\n<p><strong>Contacto Administrativo:<\/strong><\/p>\n<p class=\"fig-title\">Paola Pizarro Magnino<\/p>\n<div class=\"fig-title-des\">Secretaria Ejecutiva Encargada de Gesti\u00f3n Administrativa Proyecto<\/div>\n<div class=\"fig-meta\">\n<p class=\"fig-cal\"><strong>Llamar:<\/strong>\u00a0+56-32-2273357<\/p>\n<\/div>\n<p><\/p><\/div>\n<div class=\"kc-elm kc-css-929300 kc-title-wrap \">\n\n\t<h4 class=\"kc_title\">Investigadora Responsable<\/h4>\n<\/div>\n<div class=\"col-sm-6 col-md-12\">\n                    <div class=\"profile-card profile-card-meta_classic kc-elm kc-css-15469\">\n                        <figure>\n                             <img width=\"150\" height=\"150\" src=\"https:\/\/observatoriolatinoamericano.cl\/wp-content\/uploads\/2017\/07\/Sandra_iturrieta-150x150.png\" class=\"img-responsive\" alt=\"\" loading=\"lazy\" \/>\n                            <figcaption><a href=\"https:\/\/observatoriolatinoamericano.cl\/index.php\/nucleo_equipo\/sandra-iturrieta-olivares\/\"><h3 class=\"fig-title\">Dra. Sandra Iturrieta Olivares<\/h3><\/a><div class=\"fig-title-des\">Director of the Research Nucleus (N\u00facleo de Investigaci\u00f3n) and researcher at the Pontificia Universidad Cat\u00f3lica de Valpara\u00edso. Postdoctoral researcher in the Studies of Ideas Program (IDEA, Universidad de Santiago de Chile). PhD in Social Sciences, Universidad de Granada, and Master's in the Analysis of Social Problems in Advanced Societies, Universidad de Granada.\r\n\r\nAreas of expertise: Sociology of Professions \u2013 Future of Professional Work \u2013 Cultural Studies \u2013 Epistemology and Social Theory<\/div><div class=\"fig-meta\"><p class=\"fig-mail\"><strong>Email:<\/strong> <span>sandra.iturrieta@pucv.cl<\/span><\/p><\/div>\n                            <\/figcaption>\n                        <\/figure><div class=\"profile-card-meta\">\n                                <ul class=\"pfofile-social list-unstyled list-inline\"><li><a href=\"https:\/\/scholar.google.es\/citations?user=h5NgPksAAAAJ&#038;hl=es\"> <img src=\"https:\/\/observatoriolatinoamericano.cl\/wp-content\/uploads\/2017\/07\/gs-1-2.png\" alt=\"sabbi-social\" class=\"img-responsive\"><\/a><\/li><li><a href=\"https:\/\/orcid.org\/0000-0002-0777-9198\"> <img src=\"https:\/\/observatoriolatinoamericano.cl\/wp-content\/uploads\/2021\/06\/id-1-2.png\" alt=\"sabbi-social\" class=\"img-responsive\"><\/a><\/li><\/ul>\n                            <\/div><\/div>\n                <\/div><div class=\"action-wrap text-right-sm kc-elm kc-css-15469\"><a href=\"#\" title=\"btn title\" target=\"_self\" class=\"btn btn-unsolemn btn-action\">View all<\/a><\/div>\n<div class=\"kc-elm kc-css-567116 kc-title-wrap \">\n\n\t<h4 class=\"kc_title\">Co-Investigadores<\/h4>\n<\/div>\n<div class=\"col-sm-6 col-md-12\">\n                    <div class=\"profile-card profile-card-meta_classic kc-elm kc-css-876871\">\n                        <figure>\n                             <img width=\"150\" height=\"150\" src=\"https:\/\/observatoriolatinoamericano.cl\/wp-content\/uploads\/2025\/05\/Paola_Marchant-1-150x150.jpg\" class=\"img-responsive\" alt=\"\" loading=\"lazy\" \/>\n                            <figcaption><a href=\"https:\/\/observatoriolatinoamericano.cl\/index.php\/nucleo_equipo\/maria-paola-marchant-araya\/\"><h3 class=\"fig-title\">Dra. Mar\u00eda Paola Marchant Araya \u2020 1969-2025<\/h3><\/a><div class=\"fig-title-des\">Doctora en Ciencias de la Educaci\u00f3n, Pontificia Universidad Cat\u00f3lica de Chile\r\nMagister en Psicolog\u00eda Menci\u00f3n en Psicolog\u00eda Educacional, Pontificia Universidad Cat\u00f3lica de Chile\r\nAsistente Social, Universidad de Valpara\u00edso.<\/div><div class=\"fig-meta\"><\/div>\n                            <\/figcaption>\n                        <\/figure><div class=\"profile-card-meta\">\n                                <ul class=\"pfofile-social list-unstyled list-inline\"><li><a href=\"https:\/\/orcid.org\/0000-0002-9754-5685\"> <img src=\"https:\/\/observatoriolatinoamericano.cl\/wp-content\/uploads\/2021\/06\/id-1-2.png\" alt=\"sabbi-social\" class=\"img-responsive\"><\/a><\/li><li><a href=\"https:\/\/www.puc.cl\"> <img src=\"https:\/\/observatoriolatinoamericano.cl\/wp-content\/uploads\/2025\/05\/Puc.png\" alt=\"sabbi-social\" class=\"img-responsive\"><\/a><\/li><\/ul>\n                            <\/div><\/div>\n                <\/div><div class=\"col-sm-6 col-md-12\">\n                    <div class=\"profile-card profile-card-meta_classic kc-elm kc-css-876871\">\n                        <figure>\n                             <img width=\"150\" height=\"150\" src=\"https:\/\/observatoriolatinoamericano.cl\/wp-content\/uploads\/2021\/06\/carlos_andrade_obs-1-150x150.jpg\" class=\"img-responsive\" alt=\"\" loading=\"lazy\" srcset=\"https:\/\/observatoriolatinoamericano.cl\/wp-content\/uploads\/2021\/06\/carlos_andrade_obs-1-150x150.jpg 150w, https:\/\/observatoriolatinoamericano.cl\/wp-content\/uploads\/2021\/06\/carlos_andrade_obs-1.jpg 200w\" sizes=\"(max-width: 150px) 100vw, 150px\" \/>\n                            <figcaption><a href=\"https:\/\/observatoriolatinoamericano.cl\/index.php\/nucleo_equipo\/carlos-andrade-guzman\/\"><h3 class=\"fig-title\">Dr. Carlos Andrade Guzm\u00e1n<\/h3><\/a><div class=\"fig-title-des\">Doctor en Trabajo Social, Universidad Alberto Hurtado, Chile \u2013 Doctor en Social Welfare, Boston College, USA. Mag\u00edster en Gesti\u00f3n y Pol\u00edticas P\u00fablicas, Universidad de Chile. Ingeniero en Comercio Internacional, Universidad Tecnol\u00f3gica Metropolitana, Chile. Universidad de Chile.<\/div><div class=\"fig-meta\"><p class=\"fig-mail\"><strong>Email:<\/strong> <span>ca.alejandro.andrade@gmail.com<\/span><\/p><\/div>\n                            <\/figcaption>\n                        <\/figure><div class=\"profile-card-meta\">\n                                <ul class=\"pfofile-social list-unstyled list-inline\"><li><a href=\"https:\/\/scholar.google.com\/citations?user=1q5_FBEAAAAJ&#038;hl=en\"> <img src=\"https:\/\/observatoriolatinoamericano.cl\/wp-content\/uploads\/2017\/07\/gs-1-2.png\" alt=\"sabbi-social\" class=\"img-responsive\"><\/a><\/li><li><a href=\"https:\/\/orcid.org\/0000-0003-4150-032X\"> <img src=\"https:\/\/observatoriolatinoamericano.cl\/wp-content\/uploads\/2021\/06\/id-1-2.png\" alt=\"sabbi-social\" class=\"img-responsive\"><\/a><\/li><\/ul>\n                            <\/div><\/div>\n                <\/div><div class=\"team-clearfix\"><\/div><div class=\"col-sm-6 col-md-12\">\n                    <div class=\"profile-card profile-card-meta_classic kc-elm kc-css-876871\">\n                        <figure>\n                             <img width=\"150\" height=\"150\" src=\"https:\/\/observatoriolatinoamericano.cl\/wp-content\/uploads\/2021\/06\/foto_equipo_nucleo_CLEMENT_COLIN-1-150x150.png\" class=\"img-responsive\" alt=\"\" loading=\"lazy\" \/>\n                            <figcaption><a href=\"https:\/\/observatoriolatinoamericano.cl\/index.php\/nucleo_equipo\/clement-colin\/\"><h3 class=\"fig-title\">Dr. Cl\u00e9ment Colin<\/h3><\/a><div class=\"fig-title-des\">Investigador PUCV. Postdoctorado en el Centro de Desarrollo Urbano Sustentable (CEDEUS) - FONDAP N\u00b015110020, Pontificia Universidad Cat\u00f3lica de Chile, Facultad de Arquitectura, Dise\u00f1o y Estudios Urbanos. Doctor en Geograf\u00eda Humana por la Universit\u00e9 Paris-Est, Francia. Mag\u00edster en Urbanismo y Ordenamiento del Espacio por la Universit\u00e9 Paris-Est Marne-la-Vall\u00e9e, Francia. Licenciado en Ciencias Humanas y Sociales, menci\u00f3n Estudios Urbanos, por el Instituto Franc\u00e9s de Urbanismo, Universit\u00e9 Paris 8, Francia.\r\n\r\n\u00c1reas de enfoque: Geograf\u00eda de las emociones \u2013 Estudios culturales \u2013 Interrelaci\u00f3n entre emociones, espacialidades y temporalidades.<\/div><div class=\"fig-meta\"><p class=\"fig-mail\"><strong>Email:<\/strong> <span>clement.colin@pucv.cl<\/span><\/p><\/div>\n                            <\/figcaption>\n                        <\/figure><div class=\"profile-card-meta\">\n                                <ul class=\"pfofile-social list-unstyled list-inline\"><li><a href=\"https:\/\/scholar.google.com\/citations?user=cM59y0wAAAAJ&#038;hl=es\"> <img src=\"https:\/\/observatoriolatinoamericano.cl\/wp-content\/uploads\/2017\/07\/gs-1-2.png\" alt=\"sabbi-social\" class=\"img-responsive\"><\/a><\/li><li><a href=\"https:\/\/orcid.org\/0000-0002-1886-3926\"> <img src=\"https:\/\/observatoriolatinoamericano.cl\/wp-content\/uploads\/2017\/07\/id-1-2.png\" alt=\"sabbi-social\" class=\"img-responsive\"><\/a><\/li><\/ul>\n                            <\/div><\/div>\n                <\/div><div class=\"action-wrap text-right-sm kc-elm kc-css-876871\"><a href=\"#\" title=\"btn title\" target=\"_self\" class=\"btn btn-unsolemn btn-action\">View all<\/a><\/div><\/div><\/div><\/div><\/div><\/section>\n","protected":false},"excerpt":{"rendered":"","protected":false},"author":1,"featured_media":4248,"parent":0,"menu_order":0,"comment_status":"closed","ping_status":"closed","template":"","meta":[],"_links":{"self":[{"href":"https:\/\/observatoriolatinoamericano.cl\/index.php\/wp-json\/wp\/v2\/pages\/523"}],"collection":[{"href":"https:\/\/observatoriolatinoamericano.cl\/index.php\/wp-json\/wp\/v2\/pages"}],"about":[{"href":"https:\/\/observatoriolatinoamericano.cl\/index.php\/wp-json\/wp\/v2\/types\/page"}],"author":[{"embeddable":true,"href":"https:\/\/observatoriolatinoamericano.cl\/index.php\/wp-json\/wp\/v2\/users\/1"}],"replies":[{"embeddable":true,"href":"https:\/\/observatoriolatinoamericano.cl\/index.php\/wp-json\/wp\/v2\/comments?post=523"}],"version-history":[{"count":43,"href":"https:\/\/observatoriolatinoamericano.cl\/index.php\/wp-json\/wp\/v2\/pages\/523\/revisions"}],"predecessor-version":[{"id":4524,"href":"https:\/\/observatoriolatinoamericano.cl\/index.php\/wp-json\/wp\/v2\/pages\/523\/revisions\/4524"}],"wp:featuredmedia":[{"embeddable":true,"href":"https:\/\/observatoriolatinoamericano.cl\/index.php\/wp-json\/wp\/v2\/media\/4248"}],"wp:attachment":[{"href":"https:\/\/observatoriolatinoamericano.cl\/index.php\/wp-json\/wp\/v2\/media?parent=523"}],"curies":[{"name":"wp","href":"https:\/\/api.w.org\/{rel}","templated":true}]}}