{"id":4315,"date":"2025-05-27T12:21:31","date_gmt":"2025-05-27T15:21:31","guid":{"rendered":"https:\/\/observatoriolatinoamericano.cl\/?page_id=4315"},"modified":"2025-05-27T17:10:11","modified_gmt":"2025-05-27T20:10:11","slug":"presencia-destacada-de-la-pucv-en-evento-internacional-sobre-pandemia-participacion-del-nucleo-semilla-y-equipo-academico-en-dialogo-internacional-brasil-francia-chile","status":"publish","type":"page","link":"https:\/\/observatoriolatinoamericano.cl\/index.php\/presencia-destacada-de-la-pucv-en-evento-internacional-sobre-pandemia-participacion-del-nucleo-semilla-y-equipo-academico-en-dialogo-internacional-brasil-francia-chile\/","title":{"rendered":"Noticias"},"content":{"rendered":"<p><section class=\"kc-elm kc-css-578745 kc_row\"><div class=\"kc-row-container  kc-container\"><div class=\"kc-wrap-columns\"><div class=\"kc-elm kc-css-539513 kc_col-sm-12 kc_column kc_col-sm-12\"><div class=\"kc-col-container\">\n<div class=\"kc-elm kc-css-529738 kc-title-wrap \">\n\n\t<h1 class=\"kc_title\">Presencia destacada de la PUCV en evento internacional sobre pandemia: participaci\u00f3n del N\u00facleo Semilla y equipo acad\u00e9mico en di\u00e1logo internacional Brasil\u2013Francia\u2013Chile<\/h1>\n<\/div>\n<\/div><\/div><\/div><\/div><\/section><section class=\"kc-elm kc-css-517506 kc_row\"><div class=\"kc-row-container  kc-container\"><div class=\"kc-wrap-columns\"><div class=\"kc-elm kc-css-578646 kc_col-sm-12 kc_column kc_col-sm-12\"><div class=\"kc-col-container\"><div class=\"kc-elm kc-css-860631\">\n\t<div class=\"kc-carousel_images kc-elm kc-css-860631\">\n\t\n\t\t<div class=\"kc-carousel-images owl-carousel-images kc-sync1 \" data-owl-i-options='{\"items\":\"1\",\"tablet\":\"2\",\"mobile\":\"1\",\"speed\":\"500\",\"navigation\":\"\",\"pagination\":\"yes\",\"autoheight\":\"\",\"progressbar\":\"\",\"delay\":\"8\",\"autoplay\":\"yes\",\"showthumb\":\"\",\"num_thumb\":\"5\"}'>\n\t\n\t\t\t\t\t<div class=\"item\">\n\t\n\t\t\t\t\t\t\t<img src=\"https:\/\/observatoriolatinoamericano.cl\/wp-content\/uploads\/2025\/05\/Captura-de-pantalla-2025-05-27-153100.png\"  alt=\"\"\/>\n\t\n\t\t\t\t\n\t\t\t<\/div>\n\t\n\t\t\t\n\t\t<\/div>\n\t\n\t\t\t<\/div>\n<\/div>\n<div class=\"kc-elm kc-css-939605\" style=\"height: 20px; clear: both; width:100%;\"><\/div><\/div><\/div><\/div><\/div><\/section><section class=\"kc-elm kc-css-321357 kc_row\"><div class=\"kc-row-container  kc-container\"><div class=\"kc-wrap-columns\"><div class=\"kc-elm kc-css-80673 kc_column kc_col-sm-12\"><div class=\"kc-col-container\"><div class=\"kc-elm kc-css-147072 kc_text_block\"><\/p>\n<p data-start=\"235\" data-end=\"691\">Los d\u00edas <strong data-start=\"244\" data-end=\"271\">22 y 23 de mayo de 2025<\/strong>, se celebr\u00f3 con gran \u00e9xito la <strong data-start=\"302\" data-end=\"420\">4\u00aa edici\u00f3n del evento internacional &#8220;Di\u00e1logos Locales, Nacionales e Internacionales sobre la Pandemia de COVID-19\"<\/strong> y el <strong data-start=\"426\" data-end=\"511\">1\u00ba Simp\u00f3sio Internacionaliza\u00e7\u00e3o, Temporalidades, Trabalho e Forma\u00e7\u00e3o (SINTTRAFOR)<\/strong>, reuniendo a acad\u00e9micos y estudiantes de <strong data-start=\"553\" data-end=\"580\">Brasil, Francia y Chile<\/strong> en torno a debates interdisciplinarios sobre la pandemia, el trabajo, la salud p\u00fablica y la protecci\u00f3n social.<\/p>\n<p data-start=\"693\" data-end=\"1131\">Esta instancia fue organizada y albergada por el <a href=\"https:\/\/www.nupfetppufpi.com.br\/\"><strong data-start=\"742\" data-end=\"835\">N\u00facleo de Pesquisas sobre Forma\u00e7\u00e3o, Educa\u00e7\u00e3o, Trabalho e Pol\u00edtica Profissional (NUPFETPP)<\/strong><\/a> de la<a href=\"https:\/\/www.ufpi.br\/\"> <strong data-start=\"842\" data-end=\"890\">Universidade Federal do Piau\u00ed (UFPI, Brasil)<\/strong><\/a>, en colaboraci\u00f3n con el <a href=\"https:\/\/observatoriolatinoamericano.cl\/index.php\/nucleo-de-investigacion\/\"><strong data-start=\"1626\" data-end=\"1708\">N\u00facleo de Investigaci\u00f3n sobre las Profesiones en las Sociedades Contempor\u00e1neas<\/strong><\/a> de la <a href=\"https:\/\/pucv.cl\/\"><strong data-start=\"915\" data-end=\"978\">Pontificia Universidad Cat\u00f3lica de Valpara\u00edso (PUCV, Chile)<\/strong><\/a> y universidades francesas como la <strong data-start=\"1013\" data-end=\"1055\">Universit\u00e9 Paris 1 &#8211; Panth\u00e9on-Sorbonne<\/strong> y el <strong data-start=\"1061\" data-end=\"1130\">Conservatoire National des Arts et M\u00e9tiers (CNAM, Par\u00eds, Francia)<\/strong>.<\/p>\n<p data-start=\"1133\" data-end=\"1499\">El evento cont\u00f3 con la participaci\u00f3n de destacados investigadores internacionales como la <strong data-start=\"1223\" data-end=\"1260\">Profa. Dra. Edna Goulart Joazeiro<\/strong> (UFPI, coordinadora general del evento), <strong data-start=\"1517\" data-end=\"1551\">Dra. Sandra Iturrieta Olivares\u00a0<\/strong> (PUCV-Chile) , <strong data-start=\"1305\" data-end=\"1335\">Prof. Dr. Fran\u00e7ois Hubault<\/strong> (Universit\u00e9 Paris 1 &#8211; Sorbonne), la <strong data-start=\"1372\" data-end=\"1400\">Profa. Dra. S\u00f4nia Fleury<\/strong> (Funda\u00e7\u00e3o Oswaldo Cruz) y el <strong data-start=\"1430\" data-end=\"1460\">Prof. Dr. Emmanuel Jovelin<\/strong> (CNAM, Par\u00eds), entre otros exponentes.<\/p>\n<p data-start=\"2777\" data-end=\"3120\">\n<\/div><\/div><\/div><\/div><\/div><\/section><section class=\"kc-elm kc-css-953564 kc_row\"><div class=\"kc-row-container  kc-container\"><div class=\"kc-wrap-columns\"><div class=\"kc-elm kc-css-429324 kc_col-sm-6 kc_column kc_col-sm-6\"><div class=\"kc-col-container\"><div class=\"kc-elm kc-css-799878 kc_text_block\"><\/p>\n<p>Presencialmente en el evento, la <strong data-start=\"1517\" data-end=\"1551\">Dra. Sandra Iturrieta Olivares<\/strong>, investigadora de la Escuela de Trabajo Social de la PUCV y directora del <a href=\"https:\/\/observatoriolatinoamericano.cl\/index.php\/nucleo-de-investigacion\/\"><strong data-start=\"1626\" data-end=\"1708\">N\u00facleo de Investigaci\u00f3n sobre las Profesiones en las Sociedades Contempor\u00e1neas<\/strong><\/a>, particip\u00f3 con la conferencia <em data-start=\"1739\" data-end=\"1783\">\u201cPost-COVID19 y nueva normalidad en Chile\u201d<\/em>. Por su parte, desde Chile,\u00a0 el <strong data-start=\"171\" data-end=\"192\">Dr. Cl\u00e9ment Colin<\/strong> aport\u00f3 su trabajo enfocado en <em data-start=\"223\" data-end=\"270\">\u201cEl gobierno de la culpa durante la pandemia\u201d<\/em>, ofreciendo un enfoque sociopol\u00edtico sobre los mecanismos de control y emocionalidad p\u00fablica. De igual forma, coordin\u00f3 la organizaci\u00f3n del equipo del N\u00facleo Semilla desde el enlace en Chile, gestionando las acciones log\u00edsticas y acad\u00e9micas desde las dependencias de la PUCV.<\/p>\n<p><img loading=\"lazy\" class=\" aligncenter\" src=\"https:\/\/observatoriolatinoamericano.cl\/wp-content\/uploads\/2025\/05\/WhatsApp-Image-2025-05-23-at-6.11.09-PM-1.jpeg\" alt=\"\" width=\"377\" height=\"500\" \/><\/p>\n<p>\n<\/div><\/div><\/div><div class=\"kc-elm kc-css-299299 kc_col-sm-6 kc_column kc_col-sm-6\"><div class=\"kc-col-container\"><div class=\"kc-elm kc-css-242433 kc_text_block\"><\/p>\n<p>Tambi\u00e9n se destac\u00f3 la participaci\u00f3n del <a href=\"https:\/\/observatoriolatinoamericano.cl\/index.php\/nucleo-de-investigacion\/nucleo-semilla\/\"><strong data-start=\"2014\" data-end=\"2032\">N\u00facleo Semilla<\/strong><\/a>, instancia formativa del mismo N\u00facleo de Investigaci\u00f3n, conformada por j\u00f3venes profesionales en formaci\u00f3n investigativa. <strong data-start=\"2154\" data-end=\"2211\">Catalina Fern\u00e1ndez, Natalia Ahumada y Jonathan Franco<\/strong> presentaron sus trabajos sobre los impactos del COVID-19 en el trabajo, la salud p\u00fablica y la precarizaci\u00f3n laboral, contribuyendo con una mirada cr\u00edtica y situada desde Chile.<\/p>\n<\/p>\n<p><img loading=\"lazy\" class=\"aligncenter\" src=\"https:\/\/observatoriolatinoamericano.cl\/wp-content\/uploads\/2025\/05\/WhatsApp-Image-2025-05-23-at-5.51.22-PM-1.jpeg\" alt=\"\" width=\"456\" height=\"500\" \/><\/p>\n<p>\n<\/div><\/div><\/div><\/div><\/div><\/section><section class=\"kc-elm kc-css-834103 kc_row\"><div class=\"kc-row-container  kc-container\"><div class=\"kc-wrap-columns\"><div class=\"kc-elm kc-css-943685 kc_col-sm-12 kc_column kc_col-sm-12\"><div class=\"kc-col-container\"><div class=\"kc-elm kc-css-728444\" style=\"height: 20px; clear: both; width:100%;\"><\/div><\/div><\/div><\/div><\/div><\/section><section class=\"kc-elm kc-css-479475 kc_row\"><div class=\"kc-row-container  kc-container\"><div class=\"kc-wrap-columns\"><div class=\"kc-elm kc-css-231429 kc_col-sm-12 kc_column kc_col-sm-12\"><div class=\"kc-col-container\"><div class=\"kc-elm kc-css-846297 kc_text_block\"><\/p>\n<p data-start=\"2390\" data-end=\"2775\">La participaci\u00f3n de la <strong data-start=\"2413\" data-end=\"2421\">PUCV<\/strong> en esta importante instancia internacional se enmarca en el quehacer del <strong data-start=\"2495\" data-end=\"2577\">N\u00facleo de Investigaci\u00f3n sobre las Profesiones en las Sociedades Contempor\u00e1neas<\/strong>, al cual pertenecen tanto el <strong data-start=\"2607\" data-end=\"2625\">N\u00facleo Semilla<\/strong> como el <strong data-start=\"2634\" data-end=\"2673\">proyecto <a href=\"https:\/\/observatoriolatinoamericano.cl\/index.php\/fondecyt-regular-1241012-pucv\/\">Fondecyt Regular N\u00b01241012<\/a><\/strong>, que investiga las transformaciones contempor\u00e1neas de las profesiones y el trabajo en Am\u00e9rica Latina.<\/p>\n<p data-start=\"2777\" data-end=\"3120\">Este encuentro fortaleci\u00f3 los v\u00ednculos de cooperaci\u00f3n acad\u00e9mica internacional y reafirm\u00f3 el compromiso de la <strong data-start=\"2886\" data-end=\"2894\">PUCV<\/strong> con la producci\u00f3n de conocimiento interdisciplinario, socialmente pertinente y con la formaci\u00f3n de nuevas generaciones de investigadores e investigadoras comprometidos con el an\u00e1lisis cr\u00edtico de las sociedades contempor\u00e1neas.<\/p>\n<p data-start=\"2777\" data-end=\"3120\"><img loading=\"lazy\" class=\"aligncenter\" src=\"https:\/\/observatoriolatinoamericano.cl\/wp-content\/uploads\/2025\/05\/bsnner_obs.gif\" alt=\"\" width=\"401\" height=\"217\" \/><\/p>\n<p data-start=\"2777\" data-end=\"3120\">\n<p data-start=\"2777\" data-end=\"3120\"><img loading=\"lazy\" class=\"aligncenter\" src=\"https:\/\/observatoriolatinoamericano.cl\/wp-content\/uploads\/2025\/05\/afiche_4_dialogos.jpeg\" alt=\"\" width=\"404\" height=\"404\" \/><\/p>\n<p>\n<\/div><\/div><\/div><\/div><\/div><\/section><section class=\"kc-elm kc-css-204271 kc_row\"><div class=\"kc-row-container  kc-container\"><div class=\"kc-wrap-columns\"><div class=\"kc-elm kc-css-914006 kc_col-sm-12 kc_column kc_col-sm-12\"><div class=\"kc-col-container\"><\/div><\/div><\/div><\/div><\/section><\/p>\n","protected":false},"excerpt":{"rendered":"","protected":false},"author":1,"featured_media":4248,"parent":0,"menu_order":0,"comment_status":"closed","ping_status":"closed","template":"","meta":[],"_links":{"self":[{"href":"https:\/\/observatoriolatinoamericano.cl\/index.php\/wp-json\/wp\/v2\/pages\/4315"}],"collection":[{"href":"https:\/\/observatoriolatinoamericano.cl\/index.php\/wp-json\/wp\/v2\/pages"}],"about":[{"href":"https:\/\/observatoriolatinoamericano.cl\/index.php\/wp-json\/wp\/v2\/types\/page"}],"author":[{"embeddable":true,"href":"https:\/\/observatoriolatinoamericano.cl\/index.php\/wp-json\/wp\/v2\/users\/1"}],"replies":[{"embeddable":true,"href":"https:\/\/observatoriolatinoamericano.cl\/index.php\/wp-json\/wp\/v2\/comments?post=4315"}],"version-history":[{"count":65,"href":"https:\/\/observatoriolatinoamericano.cl\/index.php\/wp-json\/wp\/v2\/pages\/4315\/revisions"}],"predecessor-version":[{"id":4317,"href":"https:\/\/observatoriolatinoamericano.cl\/index.php\/wp-json\/wp\/v2\/pages\/4315\/revisions\/4317"}],"wp:featuredmedia":[{"embeddable":true,"href":"https:\/\/observatoriolatinoamericano.cl\/index.php\/wp-json\/wp\/v2\/media\/4248"}],"wp:attachment":[{"href":"https:\/\/observatoriolatinoamericano.cl\/index.php\/wp-json\/wp\/v2\/media?parent=4315"}],"curies":[{"name":"wp","href":"https:\/\/api.w.org\/{rel}","templated":true}]}}