{"id":3334,"date":"2021-12-16T10:34:09","date_gmt":"2021-12-16T13:34:09","guid":{"rendered":"https:\/\/www.observatoriolatinoamericano.cl\/?page_id=3334"},"modified":"2025-04-08T14:40:10","modified_gmt":"2025-04-08T17:40:10","slug":"nucleos-asociados","status":"publish","type":"page","link":"https:\/\/observatoriolatinoamericano.cl\/index.php\/nucleo-de-investigacion\/nucleos-asociados\/","title":{"rendered":"N\u00facleos Asociados"},"content":{"rendered":"<p><section class=\"kc-elm kc-css-534530 kc_row\"><div class=\"kc-row-container  kc-container\"><div class=\"kc-wrap-columns\"><div class=\"kc-elm kc-css-902655 kc_col-sm-12 kc_column kc_col-sm-12\"><div class=\"kc-col-container\"><div class=\"kc-elm kc-css-122409\" style=\"height: 20px; clear: both; width:100%;\"><\/div><div class=\"addr_future_memb contact-info kc-elm kc-css-568284\"><h4 class=\"entry-title\">N\u00facleo de Pesquisa Forma\u00e7\u00e3o, Educa\u00e7\u00e3o, Trabalho et Politica P\u00fablica<\/h4><p class=\"__ci_num\"><\/p>\n<p><a href=\"https:\/\/www.nupfetppufpi.com.br\/\"><img loading=\"lazy\" class=\"alignnone \" src=\"https:\/\/observatoriolatinoamericano.cl\/wp-content\/uploads\/2025\/04\/nucleo_ufpi.png\" alt=\"\" width=\"245\" height=\"55\" \/><\/a><\/p>\n<p>O N\u00facleo de Pesquisa Forma\u00e7\u00e3o, Educa\u00e7\u00e3o, Trabalho e Pol\u00edticas P\u00fablicas (NUP FETPP) \u00e9 um espa\u00e7o acad\u00eamico pluridisciplinar vinculado ao Departamento de Servi\u00e7o Social e ao Programa de P\u00f3s-Gradua\u00e7\u00e3o em Pol\u00edticas P\u00fablicas na Linha Cultura, Identidade e Processos Sociais, no Centro de Ci\u00eancias Humanas e Letras da Universidade Federal do Piau\u00ed, UFPI. Conta ainda com a participa\u00e7\u00e3o de pesquisadores de outras \u00e1reas de conhecimento desta e de outras Universidades, oriundos tamb\u00e9m de Centros de Pesquisa, vinculados a essa Universidade ou as demais universidades nacionais e internacionais. O NUP FETPP est\u00e1 em atividade desde mar\u00e7o de 2020, contudo sua institucionaliza\u00e7\u00e3o na UFPI deu-se no ano de 2021, mediante a Portaria n\u00ba 21\/2021 &#8211; CCHL, de 8 de mar\u00e7o de 2021, sob a Coordena\u00e7\u00e3o da Profa. Edna Maria Goulart Joazeiro, Departamento de Servi\u00e7o Social e do Programa de P\u00f3s-Gradua\u00e7\u00e3o em Pol\u00edticas P\u00fablicas da UFPI e com a Sub-Coordena\u00e7\u00e3o da Prof.\u00aa Dr.\u00aa Romina Julieta Sanches Paradiso de Oliveira, Departamento de Ci\u00eancias Econ\u00f4micas.<\/p>\n<p><a href=\"https:\/\/www.nupfetppufpi.com.br\/\">https:\/\/www.nupfetppufpi.com.br\/<\/a><\/p>\n<p><\/p><\/div><\/div><\/div><\/div><\/div><\/section><section class=\"kc-elm kc-css-849939 kc_row\"><div class=\"kc-row-container  kc-container\"><div class=\"kc-wrap-columns\"><div class=\"kc-elm kc-css-347948 kc_col-sm-12 kc_column kc_col-sm-12\"><div class=\"kc-col-container\"><\/div><\/div><\/div><\/div><\/section><\/p>\n","protected":false},"excerpt":{"rendered":"","protected":false},"author":1,"featured_media":3947,"parent":2740,"menu_order":0,"comment_status":"closed","ping_status":"closed","template":"","meta":[],"_links":{"self":[{"href":"https:\/\/observatoriolatinoamericano.cl\/index.php\/wp-json\/wp\/v2\/pages\/3334"}],"collection":[{"href":"https:\/\/observatoriolatinoamericano.cl\/index.php\/wp-json\/wp\/v2\/pages"}],"about":[{"href":"https:\/\/observatoriolatinoamericano.cl\/index.php\/wp-json\/wp\/v2\/types\/page"}],"author":[{"embeddable":true,"href":"https:\/\/observatoriolatinoamericano.cl\/index.php\/wp-json\/wp\/v2\/users\/1"}],"replies":[{"embeddable":true,"href":"https:\/\/observatoriolatinoamericano.cl\/index.php\/wp-json\/wp\/v2\/comments?post=3334"}],"version-history":[{"count":14,"href":"https:\/\/observatoriolatinoamericano.cl\/index.php\/wp-json\/wp\/v2\/pages\/3334\/revisions"}],"predecessor-version":[{"id":3960,"href":"https:\/\/observatoriolatinoamericano.cl\/index.php\/wp-json\/wp\/v2\/pages\/3334\/revisions\/3960"}],"up":[{"embeddable":true,"href":"https:\/\/observatoriolatinoamericano.cl\/index.php\/wp-json\/wp\/v2\/pages\/2740"}],"wp:featuredmedia":[{"embeddable":true,"href":"https:\/\/observatoriolatinoamericano.cl\/index.php\/wp-json\/wp\/v2\/media\/3947"}],"wp:attachment":[{"href":"https:\/\/observatoriolatinoamericano.cl\/index.php\/wp-json\/wp\/v2\/media?parent=3334"}],"curies":[{"name":"wp","href":"https:\/\/api.w.org\/{rel}","templated":true}]}}