{"id":2772,"date":"2025-04-07T16:51:01","date_gmt":"2025-04-07T19:51:01","guid":{"rendered":"https:\/\/www.observatoriolatinoamericano.cl\/?page_id=2772"},"modified":"2025-04-14T14:18:34","modified_gmt":"2025-04-14T17:18:34","slug":"proyectos-nucleo","status":"publish","type":"page","link":"https:\/\/observatoriolatinoamericano.cl\/index.php\/proyectos-nucleo\/","title":{"rendered":"Proyectos N\u00facleo"},"content":{"rendered":"<p><section class=\"kc-elm kc-css-417322 kc_row\"><div class=\"kc-row-container  kc-container\"><div class=\"kc-wrap-columns\"><div class=\"kc-elm kc-css-235757 kc_col-sm-12 kc_column kc_col-sm-12\"><div class=\"kc-col-container\"><div class=\"kc-elm kc-css-230069 kc_box_wrap \"><div><div class=\"one-one\"><br><\/div><\/div><\/div><\/div><\/div><\/div><\/div><\/section><section class=\"kc-elm kc-css-800617 kc_row\"><div class=\"kc-row-container  kc-container\"><div class=\"kc-wrap-columns\"><div class=\"kc-elm kc-css-360787 kc_column kc_col-sm-12\"><div class=\"kc-col-container\"><div class=\"kc-elm kc-css-604551 kc_text_block\"><\/p>\n<h3 style=\"text-align: center;\"><strong>INVESTIGACIONES DESARROLLADAS<\/strong><\/h3>\n<p>\n<\/div><div class=\"kc-elm kc-css-191328 kc_text_block\"><\/p>\n<p style=\"text-align: left;\"><strong>F<\/strong><strong>INANCIAMIENTO NACIONAL<\/strong><\/p>\n<p>\n<\/div><div class=\"kc-elm kc-css-715882 kc_text_block\"><\/p>\n<h4><strong>ANID\/Fondecyt Regular N\u00b01241012, a\u00f1os 2024-2028<\/strong><\/h4>\n<p>Bienestar subjetivo estudiantil universitario: Ideas de futuros perdidos e ideas hantol\u00f3gicas en contextos de transformaci\u00f3n del trabajo humano. Investigadora Responsable <strong>Dra. Sandra Iturrieta (PUCV)<\/strong>, Coinvestigadores<strong> Dr. Cl\u00e9ment Colin (PUCV)<\/strong>, <strong>Dra. Paola Marchant (PUC)<\/strong>, <strong>Dr. Carlos Andrade (UCH)<\/strong>.<\/p>\n<h4><strong>ANID\/Fomento a la Vinculaci\u00f3n Internacional. FOVI210050, a\u00f1os 2021-2022<br \/><\/strong><\/h4>\n<p><strong>Estudio internacional sobre la disposici\u00f3n subjetiva al quehacer laboral remoto en tiempos post COVID-19<\/strong>: relevando imaginarios profesionales.\u00a0 Investigadora responsable <strong>Dra. Sandra Iturrieta, PUCV Chile<\/strong>, Coinvestigador: <strong>Dr. Cl\u00e9ment Colin, PUCV Chile<\/strong>, Investigadores(as) Asociados(as):<strong>Dr. Carlos Andrade Guzm\u00e1n, UChile, Dra. Edna Goulart Joazeiro, UFPI Brasil, Dra. Lorena Valencia G\u00e1lvez, Universitat de Barcelona Espa\u00f1a, Dr. Javier Reyes Mart\u00ednez, Universidad de Loyola. M\u00e9xico.<\/strong><\/p>\n<h4><strong>ANID\/Fondecyt <\/strong>Iniciaci\u00f3n <strong>N\u00b0\u00a0 11170220. \u00a0A\u00f1os 2017-2019<\/strong><\/h4>\n<p>Subjetividades con las que profesionales de intervenci\u00f3n social directa experiencian su ejercicio laboral: aportes a la formaci\u00f3n profesional de pregrado. Investigadora Responsable <strong>Dra. Sandra Iturrieta (PUCV)<\/strong>, Pontificia Universidad Cat\u00f3lica de Valpara\u00edso.<\/p>\n<h4>ANID\/Fondecyt Iniciaci\u00f3n N\u00b011180372 A\u00f1os\u00a0 2018-11 hasta 2021-04<\/h4>\n<p>La (re)producci\u00f3n de los espacios nost\u00e1lgicos de la ciudad neoliberal: el caso de Valpara\u00edso. Investigador Responsable: <strong>Dr. Cl\u00e9ment Colin (PUCV), Pontificia Universidad Cat\u00f3lica de Valpara\u00edso.<\/strong><\/p>\n<p>\n<\/div><div class=\"kc-elm kc-css-61358\" style=\"height: 20px; clear: both; width:100%;\"><\/div><\/div><\/div><\/div><\/div><\/section><section class=\"kc-elm kc-css-70311 kc_row\"><div class=\"kc-row-container  kc-container\"><div class=\"kc-wrap-columns\"><div class=\"kc-elm kc-css-736240 kc_column kc_col-sm-12\"><div class=\"kc-col-container\"><div class=\"kc-elm kc-css-870710 kc_text_block\"><\/p>\n<p style=\"text-align: left;\"><strong>F<\/strong><strong>INANCIAMIENTO INTERNACIONAL<\/strong><\/p>\n<p>\n<\/div><\/div><\/div><\/div><\/div><\/section><section class=\"kc-elm kc-css-761285 kc_row\"><div class=\"kc-row-container  kc-container\"><div class=\"kc-wrap-columns\"><div class=\"kc-elm kc-css-57565 kc_column kc_col-sm-12\"><div class=\"kc-col-container\"><div class=\"kc-elm kc-css-635628 kc_text_block\"><\/p>\n<h4><strong>CNPq\/MCTI\/FNDCT N. 18 \/2021 Brasil<\/strong><\/h4>\n<p>Territ\u00f3rios, temporalidades e desigualdade social: trabalho profissional das profiss\u00f5es nas polticas publicas de sa\u00fade e de assist\u00eancia social em diferentes contextos nacionais e internacionais em tempos de pandemia da COVID-19, Brasil, Chile e Fran\u00e7a. Edital Universal chamada\u00a0 <a href=\"https:\/\/memoria.cnpq.br\/chamadas-publicas?p_p_id=resultadosportlet_WAR_resultadoscnpqportlet_INSTANCE_0ZaM&#038;idDivulgacao=10362&#038;filtro=resultados&#038;detalha=chamadaDetalhada&#038;exibe=exibe&#038;id=47-1749-7452&#038;idResultado=47-1749-7452\">CNPq\/MCTI\/FNDCT N. 18 \/2021 Brasil<\/a>. Grupo de Estudo e Pesquisa Forma\u00e7\u00e3o, Trabalho, Desigualdade Social e Pol\u00edticas P\u00fablicas\/ CNPq (FTDESPP), e ao N\u00facleo de Pesquisa Forma\u00e7\u00e3o, Educa\u00e7\u00e3o, Trabalho e Pol\u00edticas P\u00fablicas, N\u00facleo de Investigaci\u00f3n sobre las profesiones en las sociedades contempor\u00e1neas. Investigadora Responsable <strong>Dra. Edna Goulart (UFPI-Brasil)<\/strong>, Co-investigadora <strong>Dra. Sandra Iturrieta (PUCV-Chile)<\/strong>, <strong>Dr. Eric Hamraoui (CNAM Conservatoire National des Arts et M\u00e9tiers, Paris, Francia)<\/strong>\u00a0 a\u00f1os 2022-2025.<\/p>\n<\/p>\n<p>\n<\/div><\/div><\/div><\/div><\/div><\/section><section class=\"kc-elm kc-css-311988 kc_row\"><div class=\"kc-row-container  kc-container\"><div class=\"kc-wrap-columns\"><div class=\"kc-elm kc-css-684451 kc_col-sm-12 kc_column kc_col-sm-12\"><div class=\"kc-col-container\"><div class=\"kc-elm kc-css-337012 kc_text_block\"><\/p>\n<p class=\"MsoNormal\" style=\"margin-left: 7.1pt; text-align: justify;\"><b style=\"mso-bidi-font-weight: normal;\"><span style=\"font-size: 12.0pt; letter-spacing: -.25pt;\">F<\/span><\/b><b style=\"mso-bidi-font-weight: normal;\"><span style=\"font-size: 12.0pt;\">I<span style=\"letter-spacing: .35pt;\">N<\/span>A<span style=\"letter-spacing: -.05pt;\">N<\/span>CIA<span style=\"letter-spacing: -.05pt;\">M<\/span>I<span style=\"letter-spacing: .05pt;\">E<\/span>N<span style=\"letter-spacing: -.1pt;\">T<\/span>O INTERN<span style=\"letter-spacing: -.05pt;\">O<\/span><\/span><\/b><\/p>\n<p>\n<\/div><\/div><\/div><\/div><\/div><\/section><section class=\"kc-elm kc-css-662651 kc_row\"><div class=\"kc-row-container  kc-container\"><div class=\"kc-wrap-columns\"><div class=\"kc-elm kc-css-443693 kc_col-sm-12 kc_column kc_col-sm-12\"><div class=\"kc-col-container\"><div class=\"kc-elm kc-css-259826 kc_text_block\"><\/p>\n<h4><strong>Cod. 039.404\/2021. DI-PUCV, 2021-2022<\/strong><\/h4>\n<p><strong>N\u00facleo de Investigaci\u00f3n sobre las profesiones en las sociedades contempor\u00e1neas: Investigaci\u00f3n; Nuevas territorialidades del quehacer profesional en tiempos de COVID-19<\/strong>: un estudio internacional sobre subjetividades profesionales en intervenci\u00f3n social. <strong>Investigadora responsable: Dra. Sandra Iturrieta, PUCV Chile, Coinvestigador: Dr. Cl\u00e9ment Colin, PUCV Chile, Investigadores(as) Asociados(as):<\/strong><br \/><strong>Dr. Andr\u00e9s Kozel, UNISAN Argentina Dr. Antonio Trinidad Requena, UGR Espa\u00f1a, Dr. Eduardo Dev\u00e9s Vald\u00e9s USACH Chile, Doctorante Carlos Andrade Guzm\u00e1n, UAH Chile, Doctorante Cecilia Zuleta C\u00e1ceres, UAB Espa\u00f1a, Dra. Edna Goulart Joazeiro, UFPI Brasil, Doctorante F\u00e1tima Mart\u00ednez Mej\u00eda, UNAEM M\u00e9xico, Dra. Jingting Zhang, U Shanghai China, Dra. Lorena Valencia G\u00e1lvez, Universitat de Barcelona Espa\u00f1a, Dra. Mar\u00eda Fernanda Pi\u00f1eros,Boston College USA, Dr. Ren\u00e9 Cardoso Ruiz, UNAEM M\u00e9xico, Dra. Paula Sep\u00falveda Navarrete, UCA Espa\u00f1a, Dra. Pauline Ecole, Ecole, Francia<\/strong><br \/><strong>Dr. Ra\u00fal Hozven Valenzuela, UST Chile.<\/strong><\/p>\n<h4><strong>Cod.: 039.363\/2021 DI- PUCV, 2021<\/strong><\/h4>\n<p><strong>Repensar la formaci\u00f3n de pregrado en ciencias sociales en Chile desde los imaginarios del futuro del trabajo profesional. <\/strong>Resumen: Considerando las discusiones sobre el futuro de la humanidad y los cambios que se auguran en el mundo del trabajo, profundizados por la presencia mundial del COVID-19, en que cualquiera sea el futuro profesional, los perfiles de egreso deber\u00e1n ser ajustados a los nuevos tiempos, se propone \u201cDevelar los imaginarios sociales respecto del futuro del trabajo profesional presentes en formadores, estudiantes y profesionales de las ciencias sociales que confluyen en la intervenci\u00f3n social, para realizar propuestas de innovaci\u00f3n en carreras de pregrado de esta \u00e1rea, que contribuya a potenciar la calidad de la educaci\u00f3n superior\u201d. Investigadora Responsable <strong>Dra. Sandra Iturrieta (PUCV)<\/strong>, Coinvestigadora <strong>Dra. Paola Marchant (PUC)<\/strong><\/p>\n<p>\n<\/div><\/div><\/div><\/div><\/div><\/section><\/p>\n","protected":false},"excerpt":{"rendered":"","protected":false},"author":1,"featured_media":2508,"parent":0,"menu_order":0,"comment_status":"closed","ping_status":"closed","template":"","meta":[],"_links":{"self":[{"href":"https:\/\/observatoriolatinoamericano.cl\/index.php\/wp-json\/wp\/v2\/pages\/2772"}],"collection":[{"href":"https:\/\/observatoriolatinoamericano.cl\/index.php\/wp-json\/wp\/v2\/pages"}],"about":[{"href":"https:\/\/observatoriolatinoamericano.cl\/index.php\/wp-json\/wp\/v2\/types\/page"}],"author":[{"embeddable":true,"href":"https:\/\/observatoriolatinoamericano.cl\/index.php\/wp-json\/wp\/v2\/users\/1"}],"replies":[{"embeddable":true,"href":"https:\/\/observatoriolatinoamericano.cl\/index.php\/wp-json\/wp\/v2\/comments?post=2772"}],"version-history":[{"count":44,"href":"https:\/\/observatoriolatinoamericano.cl\/index.php\/wp-json\/wp\/v2\/pages\/2772\/revisions"}],"predecessor-version":[{"id":4105,"href":"https:\/\/observatoriolatinoamericano.cl\/index.php\/wp-json\/wp\/v2\/pages\/2772\/revisions\/4105"}],"wp:featuredmedia":[{"embeddable":true,"href":"https:\/\/observatoriolatinoamericano.cl\/index.php\/wp-json\/wp\/v2\/media\/2508"}],"wp:attachment":[{"href":"https:\/\/observatoriolatinoamericano.cl\/index.php\/wp-json\/wp\/v2\/media?parent=2772"}],"curies":[{"name":"wp","href":"https:\/\/api.w.org\/{rel}","templated":true}]}}