{"id":2744,"date":"2021-06-28T23:58:35","date_gmt":"2021-06-29T02:58:35","guid":{"rendered":"https:\/\/www.observatoriolatinoamericano.cl\/?page_id=2744"},"modified":"2025-03-25T09:50:00","modified_gmt":"2025-03-25T12:50:00","slug":"equipo-red-nacional","status":"publish","type":"page","link":"https:\/\/observatoriolatinoamericano.cl\/index.php\/nucleo-de-investigacion\/equipo-red-nacional\/","title":{"rendered":"Equipo Red Nacional"},"content":{"rendered":"<section class=\"kc-elm kc-css-649351 kc_row\"><div class=\"kc-row-container  kc-container\"><div class=\"kc-wrap-columns\"><div class=\"kc-elm kc-css-44068 kc_col-sm-12 kc_column kc_col-sm-12\"><div class=\"kc-col-container\"><div class=\"col-sm-6 col-md-4\">\n                    <div class=\"profile-card profile-card-meta_classic kc-elm kc-css-78308\">\n                        <figure>\n                             <img width=\"150\" height=\"150\" src=\"https:\/\/observatoriolatinoamericano.cl\/wp-content\/uploads\/2025\/03\/Nicolas_Contreras-150x150.jpg\" class=\"img-responsive\" alt=\"\" loading=\"lazy\" \/>\n                            <figcaption><a href=\"https:\/\/observatoriolatinoamericano.cl\/index.php\/nucleo_equipo\/dr-nicolas-contreras-barraza\/\"><h3 class=\"fig-title\">Dr. Nicol\u00e1s Contreras Barraza<\/h3><\/a><div class=\"fig-title-des\">Investigador Postdoctoral en el N\u00facleo de Investigaci\u00f3n Sobre las Profesiones en las Sociedades Contempor\u00e1neas PUCV. \r\nDoctor en Educaci\u00f3n y Sociedad, Universidad Andr\u00e9s Bello. Mag\u00edster en Ciencias de la Administraci\u00f3n, Universidad de Santiago de Chile. Mag\u00edster en Innovaci\u00f3n y Emprendimiento, Universidad Adolfo Ib\u00e1\u00f1ez. Master en Bigdata y Data Science, Universidad de Barcelona. Ingeniero Comercial, Universidad Adolfo Iba\u00f1ez. Soci\u00f3logo y Psic\u00f3logo, Universidad Andr\u00e9s Bello.<\/div><div class=\"fig-meta\"><\/div>\n                            <\/figcaption>\n                        <\/figure><div class=\"profile-card-meta\">\n                                <ul class=\"pfofile-social list-unstyled list-inline\"><li><a href=\"https:\/\/orcid.org\/0000-0001-6729-4398\"> <img src=\"https:\/\/observatoriolatinoamericano.cl\/wp-content\/uploads\/2021\/06\/id-1-2.png\" alt=\"sabbi-social\" class=\"img-responsive\"><\/a><\/li><li><a href=\"https:\/\/scholar.google.com\/citations?user=DpyEqXoAAAAJ&#038;hl=es\"> <img src=\"https:\/\/observatoriolatinoamericano.cl\/wp-content\/uploads\/2017\/07\/gs-1-2.png\" alt=\"sabbi-social\" class=\"img-responsive\"><\/a><\/li><\/ul>\n                            <\/div><\/div>\n                <\/div><div class=\"col-sm-6 col-md-4\">\n                    <div class=\"profile-card profile-card-meta_classic kc-elm kc-css-78308\">\n                        <figure>\n                             <img width=\"150\" height=\"150\" src=\"https:\/\/observatoriolatinoamericano.cl\/wp-content\/uploads\/2021\/06\/carlos_andrade_obs-1-150x150.jpg\" class=\"img-responsive\" alt=\"\" loading=\"lazy\" srcset=\"https:\/\/observatoriolatinoamericano.cl\/wp-content\/uploads\/2021\/06\/carlos_andrade_obs-1-150x150.jpg 150w, https:\/\/observatoriolatinoamericano.cl\/wp-content\/uploads\/2021\/06\/carlos_andrade_obs-1.jpg 200w\" sizes=\"(max-width: 150px) 100vw, 150px\" \/>\n                            <figcaption><a href=\"https:\/\/observatoriolatinoamericano.cl\/index.php\/nucleo_equipo\/carlos-andrade-guzman\/\"><h3 class=\"fig-title\">Dr. Carlos Andrade Guzm\u00e1n<\/h3><\/a><div class=\"fig-title-des\">Doctor en Trabajo Social, Universidad Alberto Hurtado, Chile \u2013 Doctor en Social Welfare, Boston College, USA. Mag\u00edster en Gesti\u00f3n y Pol\u00edticas P\u00fablicas, Universidad de Chile. Ingeniero en Comercio Internacional, Universidad Tecnol\u00f3gica Metropolitana, Chile. Universidad de Chile.<\/div><div class=\"fig-meta\"><p class=\"fig-mail\"><strong>Email:<\/strong> <span>ca.alejandro.andrade@gmail.com<\/span><\/p><\/div>\n                            <\/figcaption>\n                        <\/figure><div class=\"profile-card-meta\">\n                                <ul class=\"pfofile-social list-unstyled list-inline\"><li><a href=\"https:\/\/scholar.google.com\/citations?user=1q5_FBEAAAAJ&#038;hl=en\"> <img src=\"https:\/\/observatoriolatinoamericano.cl\/wp-content\/uploads\/2017\/07\/gs-1-2.png\" alt=\"sabbi-social\" class=\"img-responsive\"><\/a><\/li><li><a href=\"https:\/\/orcid.org\/0000-0003-4150-032X\"> <img src=\"https:\/\/observatoriolatinoamericano.cl\/wp-content\/uploads\/2021\/06\/id-1-2.png\" alt=\"sabbi-social\" class=\"img-responsive\"><\/a><\/li><\/ul>\n                            <\/div><\/div>\n                <\/div><div class=\"team-clearfix\"><\/div><div class=\"col-sm-6 col-md-4\">\n                    <div class=\"profile-card profile-card-meta_classic kc-elm kc-css-78308\">\n                        <figure>\n                             <img width=\"150\" height=\"150\" src=\"https:\/\/observatoriolatinoamericano.cl\/wp-content\/uploads\/2021\/06\/foto_equipo_nucleo_CLEMENT_COLIN-1-150x150.png\" class=\"img-responsive\" alt=\"\" loading=\"lazy\" \/>\n                            <figcaption><a href=\"https:\/\/observatoriolatinoamericano.cl\/index.php\/nucleo_equipo\/clement-colin\/\"><h3 class=\"fig-title\">Dr. Cl\u00e9ment Colin<\/h3><\/a><div class=\"fig-title-des\">Investigador PUCV. Postdoctorado en el Centro de Desarrollo Urbano Sustentable (CEDEUS) - FONDAP N\u00b015110020, Pontificia Universidad Cat\u00f3lica de Chile, Facultad de Arquitectura, Dise\u00f1o y Estudios Urbanos. Doctor en Geograf\u00eda Humana por la Universit\u00e9 Paris-Est, Francia. Mag\u00edster en Urbanismo y Ordenamiento del Espacio por la Universit\u00e9 Paris-Est Marne-la-Vall\u00e9e, Francia. Licenciado en Ciencias Humanas y Sociales, menci\u00f3n Estudios Urbanos, por el Instituto Franc\u00e9s de Urbanismo, Universit\u00e9 Paris 8, Francia.\r\n\r\n\u00c1reas de enfoque: Geograf\u00eda de las emociones \u2013 Estudios culturales \u2013 Interrelaci\u00f3n entre emociones, espacialidades y temporalidades.<\/div><div class=\"fig-meta\"><p class=\"fig-mail\"><strong>Email:<\/strong> <span>clement.colin@pucv.cl<\/span><\/p><\/div>\n                            <\/figcaption>\n                        <\/figure><div class=\"profile-card-meta\">\n                                <ul class=\"pfofile-social list-unstyled list-inline\"><li><a href=\"https:\/\/scholar.google.com\/citations?user=cM59y0wAAAAJ&#038;hl=es\"> <img src=\"https:\/\/observatoriolatinoamericano.cl\/wp-content\/uploads\/2017\/07\/gs-1-2.png\" alt=\"sabbi-social\" class=\"img-responsive\"><\/a><\/li><li><a href=\"https:\/\/orcid.org\/0000-0002-1886-3926\"> <img src=\"https:\/\/observatoriolatinoamericano.cl\/wp-content\/uploads\/2017\/07\/id-1-2.png\" alt=\"sabbi-social\" class=\"img-responsive\"><\/a><\/li><\/ul>\n                            <\/div><\/div>\n                <\/div><div class=\"col-sm-6 col-md-4\">\n                    <div class=\"profile-card profile-card-meta_classic kc-elm kc-css-78308\">\n                        <figure>\n                             <img width=\"150\" height=\"150\" src=\"https:\/\/observatoriolatinoamericano.cl\/wp-content\/uploads\/2021\/06\/Raul-Hozven_OBS-1-150x150.jpg\" class=\"img-responsive\" alt=\"\" loading=\"lazy\" srcset=\"https:\/\/observatoriolatinoamericano.cl\/wp-content\/uploads\/2021\/06\/Raul-Hozven_OBS-1-150x150.jpg 150w, https:\/\/observatoriolatinoamericano.cl\/wp-content\/uploads\/2021\/06\/Raul-Hozven_OBS-1-300x300.jpg 300w, https:\/\/observatoriolatinoamericano.cl\/wp-content\/uploads\/2021\/06\/Raul-Hozven_OBS-1.jpg 720w\" sizes=\"(max-width: 150px) 100vw, 150px\" \/>\n                            <figcaption><a href=\"https:\/\/observatoriolatinoamericano.cl\/index.php\/nucleo_equipo\/dr-raul-hozven\/\"><h3 class=\"fig-title\">Dr. Ra\u00fal Hozven<\/h3><\/a><div class=\"fig-title-des\">Doctor en Psicolog\u00eda Pontificia Universidad Cat\u00f3lica de Valpara\u00edso, Chile. Magister en Educaci\u00f3n con menci\u00f3n Curr\u00edculum, Pontificia Universidad Cat\u00f3lica de Valpara\u00edso, Chile. Trabajador Social, Universidad de Valpara\u00edso, Chile. UST-CHILE<\/div><div class=\"fig-meta\"><p class=\"fig-mail\"><strong>Email:<\/strong> <span>raul.hozven@uv.cl<\/span><\/p><\/div>\n                            <\/figcaption>\n                        <\/figure><div class=\"profile-card-meta\">\n                                <ul class=\"pfofile-social list-unstyled list-inline\"><li><a href=\"https:\/\/orcid.org\/0000-0001-5802-0635\"> <img src=\"https:\/\/observatoriolatinoamericano.cl\/wp-content\/uploads\/2021\/06\/id-1-2.png\" alt=\"sabbi-social\" class=\"img-responsive\"><\/a><\/li><li><a href=\"https:\/\/scholar.google.com\/citations?hl=es&#038;user=qdsK3cAAAAAJ\"> <img src=\"https:\/\/observatoriolatinoamericano.cl\/wp-content\/uploads\/2017\/07\/gs-1-2.png\" alt=\"sabbi-social\" class=\"img-responsive\"><\/a><\/li><li><a href=\"https:\/\/uv.cl\"> <img src=\"https:\/\/observatoriolatinoamericano.cl\/wp-content\/uploads\/2021\/06\/Captura-de-pantalla-2025-05-15-143515.png\" alt=\"sabbi-social\" class=\"img-responsive\"><\/a><\/li><\/ul>\n                            <\/div><\/div>\n                <\/div><div class=\"team-clearfix\"><\/div><div class=\"col-sm-6 col-md-4\">\n                    <div class=\"profile-card profile-card-meta_classic kc-elm kc-css-78308\">\n                        <figure>\n                             <img width=\"150\" height=\"150\" src=\"https:\/\/observatoriolatinoamericano.cl\/wp-content\/uploads\/2017\/07\/Sandra_iturrieta-150x150.png\" class=\"img-responsive\" alt=\"\" loading=\"lazy\" \/>\n                            <figcaption><a href=\"https:\/\/observatoriolatinoamericano.cl\/index.php\/nucleo_equipo\/sandra-iturrieta-olivares\/\"><h3 class=\"fig-title\">Dra. Sandra Iturrieta Olivares<\/h3><\/a><div class=\"fig-title-des\">Director of the Research Nucleus (N\u00facleo de Investigaci\u00f3n) and researcher at the Pontificia Universidad Cat\u00f3lica de Valpara\u00edso. Postdoctoral researcher in the Studies of Ideas Program (IDEA, Universidad de Santiago de Chile). PhD in Social Sciences, Universidad de Granada, and Master's in the Analysis of Social Problems in Advanced Societies, Universidad de Granada.\r\n\r\nAreas of expertise: Sociology of Professions \u2013 Future of Professional Work \u2013 Cultural Studies \u2013 Epistemology and Social Theory<\/div><div class=\"fig-meta\"><p class=\"fig-mail\"><strong>Email:<\/strong> <span>sandra.iturrieta@pucv.cl<\/span><\/p><\/div>\n                            <\/figcaption>\n                        <\/figure><div class=\"profile-card-meta\">\n                                <ul class=\"pfofile-social list-unstyled list-inline\"><li><a href=\"https:\/\/scholar.google.es\/citations?user=h5NgPksAAAAJ&#038;hl=es\"> <img src=\"https:\/\/observatoriolatinoamericano.cl\/wp-content\/uploads\/2017\/07\/gs-1-2.png\" alt=\"sabbi-social\" class=\"img-responsive\"><\/a><\/li><li><a href=\"https:\/\/orcid.org\/0000-0002-0777-9198\"> <img src=\"https:\/\/observatoriolatinoamericano.cl\/wp-content\/uploads\/2021\/06\/id-1-2.png\" alt=\"sabbi-social\" class=\"img-responsive\"><\/a><\/li><\/ul>\n                            <\/div><\/div>\n                <\/div><div class=\"col-sm-6 col-md-4\">\n                    <div class=\"profile-card profile-card-meta_classic kc-elm kc-css-78308\">\n                        <figure>\n                             <img width=\"150\" height=\"150\" src=\"https:\/\/observatoriolatinoamericano.cl\/wp-content\/uploads\/2021\/06\/cecilia_zuleta_obs-150x150.jpg\" class=\"img-responsive\" alt=\"\" loading=\"lazy\" \/>\n                            <figcaption><a href=\"https:\/\/observatoriolatinoamericano.cl\/index.php\/nucleo_equipo\/cecilia-zuleta-caceres\/\"><h3 class=\"fig-title\">Dra. Cecilia Zuleta C\u00e1ceres<\/h3><\/a><div class=\"fig-title-des\">Dra. en Ciencia Pol\u00edtica, Pol\u00edticas P\u00fablicas y Relaciones Internacionales, Instituto de Gobierno y Pol\u00edticas P\u00fablicas en la Universidad Aut\u00f3noma de Barcelona, Espa\u00f1a. Magister en Ciencias Pol\u00edticas, Universidad de Chile. Trabajadora Social, Pontificia Universidad Cat\u00f3lica de Valpara\u00edso, Chile.<\/div><div class=\"fig-meta\"><p class=\"fig-mail\"><strong>Email:<\/strong> <span>cecilia.zuleta@pucv.cl<\/span><\/p><\/div>\n                            <\/figcaption>\n                        <\/figure><div class=\"profile-card-meta\">\n                                <ul class=\"pfofile-social list-unstyled list-inline\"><li><a href=\"https:\/\/orcid.org\/0009-0007-4724-8328\"> <img src=\"https:\/\/observatoriolatinoamericano.cl\/wp-content\/uploads\/2021\/06\/id-1-2.png\" alt=\"sabbi-social\" class=\"img-responsive\"><\/a><\/li><\/ul>\n                            <\/div><\/div>\n                <\/div><div class=\"team-clearfix\"><\/div><div class=\"col-sm-6 col-md-4\">\n                    <div class=\"profile-card profile-card-meta_classic kc-elm kc-css-78308\">\n                        <figure>\n                             <img width=\"150\" height=\"150\" src=\"https:\/\/observatoriolatinoamericano.cl\/wp-content\/uploads\/2025\/04\/Foto-MPina-2-150x150.jpg\" class=\"img-responsive\" alt=\"\" loading=\"lazy\" \/>\n                            <figcaption><a href=\"https:\/\/observatoriolatinoamericano.cl\/index.php\/nucleo_equipo\/dr-marcelo-pina-moran\/\"><h3 class=\"fig-title\">Dr. Marcelo Pi\u00f1a Mor\u00e1n<\/h3><\/a><div class=\"fig-title-des\">Doctor en Estudios Americanos, menci\u00f3n Pensamiento y Cultura, Universidad de Santiago de Chile. M\u00e1ster en Gerontolog\u00eda, Universitat de Barcelona, Espa\u00f1a. Licenciado en Trabajado Social, Universidad Cat\u00f3lica del Maule. Acad\u00e9mico de la Facultad de Ciencias Sociales y Econ\u00f3micas de la Universidad Cat\u00f3lica del Maule.  GERONTOLOG\u00cdA SOCIAL, TRABAJO SOCIAL GERONTOL\u00d3GICO, ROLES SOCIALES, CULTURA.<\/div><div class=\"fig-meta\"><p class=\"fig-mail\"><strong>Email:<\/strong> <span>mpina@ucm.cl<\/span><\/p><\/div>\n                            <\/figcaption>\n                        <\/figure><div class=\"profile-card-meta\">\n                                <ul class=\"pfofile-social list-unstyled list-inline\"><li><a href=\"https:\/\/scholar.google.com\/citations?user=Nu4mF2kAAAAJ&#038;hl=es\"> <img src=\"https:\/\/observatoriolatinoamericano.cl\/wp-content\/uploads\/2017\/07\/gs-1-2.png\" alt=\"sabbi-social\" class=\"img-responsive\"><\/a><\/li><li><a href=\"https:\/\/orcid.org\/0000-0002-9976-4347\"> <img src=\"https:\/\/observatoriolatinoamericano.cl\/wp-content\/uploads\/2017\/07\/id-1-2.png\" alt=\"sabbi-social\" class=\"img-responsive\"><\/a><\/li><\/ul>\n                            <\/div><\/div>\n                <\/div><div class=\"action-wrap text-right-sm kc-elm kc-css-78308\"><a href=\"#\" title=\"btn title\" target=\"_self\" class=\"btn btn-unsolemn btn-action\">View all<\/a><\/div><\/div><\/div><\/div><\/div><\/section>\n","protected":false},"excerpt":{"rendered":"","protected":false},"author":1,"featured_media":3726,"parent":2740,"menu_order":0,"comment_status":"closed","ping_status":"closed","template":"","meta":[],"_links":{"self":[{"href":"https:\/\/observatoriolatinoamericano.cl\/index.php\/wp-json\/wp\/v2\/pages\/2744"}],"collection":[{"href":"https:\/\/observatoriolatinoamericano.cl\/index.php\/wp-json\/wp\/v2\/pages"}],"about":[{"href":"https:\/\/observatoriolatinoamericano.cl\/index.php\/wp-json\/wp\/v2\/types\/page"}],"author":[{"embeddable":true,"href":"https:\/\/observatoriolatinoamericano.cl\/index.php\/wp-json\/wp\/v2\/users\/1"}],"replies":[{"embeddable":true,"href":"https:\/\/observatoriolatinoamericano.cl\/index.php\/wp-json\/wp\/v2\/comments?post=2744"}],"version-history":[{"count":12,"href":"https:\/\/observatoriolatinoamericano.cl\/index.php\/wp-json\/wp\/v2\/pages\/2744\/revisions"}],"predecessor-version":[{"id":3809,"href":"https:\/\/observatoriolatinoamericano.cl\/index.php\/wp-json\/wp\/v2\/pages\/2744\/revisions\/3809"}],"up":[{"embeddable":true,"href":"https:\/\/observatoriolatinoamericano.cl\/index.php\/wp-json\/wp\/v2\/pages\/2740"}],"wp:featuredmedia":[{"embeddable":true,"href":"https:\/\/observatoriolatinoamericano.cl\/index.php\/wp-json\/wp\/v2\/media\/3726"}],"wp:attachment":[{"href":"https:\/\/observatoriolatinoamericano.cl\/index.php\/wp-json\/wp\/v2\/media?parent=2744"}],"curies":[{"name":"wp","href":"https:\/\/api.w.org\/{rel}","templated":true}]}}