{"id":2736,"date":"2021-06-28T23:49:23","date_gmt":"2021-06-29T02:49:23","guid":{"rendered":"https:\/\/www.observatoriolatinoamericano.cl\/?page_id=2736"},"modified":"2025-01-28T12:17:22","modified_gmt":"2025-01-28T15:17:22","slug":"equipo-red-internacional","status":"publish","type":"page","link":"https:\/\/observatoriolatinoamericano.cl\/index.php\/nucleo-de-investigacion\/equipo-red-internacional\/","title":{"rendered":"Intercambio y Colaboraci\u00f3n Internacional"},"content":{"rendered":"<section data-kc-fullheight=\"middle-content\" data-kc-equalheight=\"true\" data-kc-equalheight-align=\"top\" data-kc-fullwidth=\"row\" class=\"kc-elm kc-css-690623 kc_row\"><div class=\"kc-row-container  kc-container\"><div class=\"kc-wrap-columns\"><div class=\"kc-elm kc-css-344009 kc_col-sm-12 kc_column kc_col-sm-12\"><div class=\"kc-col-container\"><div class=\"col-sm-6 col-md-3\">\n                    <div class=\"profile-card profile-card-meta_classic kc-elm kc-css-228166\">\n                        <figure>\n                             <img width=\"150\" height=\"150\" src=\"https:\/\/observatoriolatinoamericano.cl\/wp-content\/uploads\/2022\/07\/BBB_9877_crop_\uc99d\uba85\uaddc\uaca9-150x150.jpg\" class=\"img-responsive\" alt=\"\" loading=\"lazy\" \/>\n                            <figcaption><a href=\"https:\/\/observatoriolatinoamericano.cl\/index.php\/nucleo_equipo\/ph-d-wonjung-min\/\"><h3 class=\"fig-title\">Ph.D. Wonjung Min<\/h3><\/a><div class=\"fig-title-des\">Ph.D., Latin American Literature, 2000. Hankuk University of Foreign Studies, Seoul, South Korea. M.A., Latin American Literature, 1993. Hankuk University of Foreign Studies, Seoul, South Korea. B.A., Spanish major, English minor, 1990. Hankuk University of Foreign Studies, Seoul, South Korea<\/div><div class=\"fig-meta\"><p class=\"fig-mail\"><strong>Email:<\/strong> <span>wjhelena@snu.ac.kr, wonjung_min@uc.cl<\/span><\/p><\/div>\n                            <\/figcaption>\n                        <\/figure><div class=\"profile-card-meta\">\n                                <ul class=\"pfofile-social list-unstyled list-inline\"><li><a href=\"https:\/\/www.researchgate.net\/profile\/Wonjung-Min\"> <img src=\"https:\/\/observatoriolatinoamericano.cl\/wp-content\/uploads\/2021\/06\/researcgate_icono.png\" alt=\"sabbi-social\" class=\"img-responsive\"><\/a><\/li><li><a href=\"https:\/\/snuac.snu.ac.kr\/eng\/\"> <img src=\"https:\/\/observatoriolatinoamericano.cl\/wp-content\/uploads\/2022\/07\/SNUAC-2.png\" alt=\"sabbi-social\" class=\"img-responsive\"><\/a><\/li><\/ul>\n                            <\/div><\/div>\n                <\/div><div class=\"col-sm-6 col-md-3\">\n                    <div class=\"profile-card profile-card-meta_classic kc-elm kc-css-228166\">\n                        <figure>\n                             <img width=\"150\" height=\"150\" src=\"https:\/\/observatoriolatinoamericano.cl\/wp-content\/uploads\/2021\/06\/Foto-mia-sica-2-150x150.jpg\" class=\"img-responsive\" alt=\"\" loading=\"lazy\" \/>\n                            <figcaption><a href=\"https:\/\/observatoriolatinoamericano.cl\/index.php\/nucleo_equipo\/antonio-trinidad-requena\/\"><h3 class=\"fig-title\">Dr. Antonio Trinidad Requena<\/h3><\/a><div class=\"fig-title-des\">Doctor en Sociolog\u00eda por la Universidad de Granada. En la actualidad es Catedr\u00e1tico de Sociolog\u00eda de la Universidad de Granada y Director del Grupo de Investigaci\u00f3n Problemas Sociales en Andaluc\u00eda - Espa\u00f1a<\/div><div class=\"fig-meta\"><p class=\"fig-mail\"><strong>Email:<\/strong> <span>atrinida@ugr.es<\/span><\/p><\/div>\n                            <\/figcaption>\n                        <\/figure><div class=\"profile-card-meta\">\n                                <ul class=\"pfofile-social list-unstyled list-inline\"><li><a href=\"https:\/\/www.ugr.es\/personal\/antonio-trinidad-requena\"> <img src=\"https:\/\/observatoriolatinoamericano.cl\/wp-content\/uploads\/2021\/06\/ugranada_logo-1.jpg\" alt=\"sabbi-social\" class=\"img-responsive\"><\/a><\/li><\/ul>\n                            <\/div><\/div>\n                <\/div><div class=\"team-clearfix\"><\/div><div class=\"col-sm-6 col-md-3\">\n                    <div class=\"profile-card profile-card-meta_classic kc-elm kc-css-228166\">\n                        <figure>\n                             <img width=\"150\" height=\"150\" src=\"https:\/\/observatoriolatinoamericano.cl\/wp-content\/uploads\/2021\/06\/fatima_martinez_obs-1-150x150.jpg\" class=\"img-responsive\" alt=\"\" loading=\"lazy\" \/>\n                            <figcaption><a href=\"https:\/\/observatoriolatinoamericano.cl\/index.php\/nucleo_equipo\/doctorante-fatima-martinez-mejia\/\"><h3 class=\"fig-title\">Dra. F\u00e1tima Esther Mart\u00ednez Mej\u00eda<\/h3><\/a><div class=\"fig-title-des\">Doctora en Humanidades, Universidad Aut\u00f3noma del Estado de M\u00e9xico. Maestra en Humanidades, Estudios Latinoamericanos. Licenciada en Derecho. Universidad Aut\u00f3noma del Estado de M\u00e9xico.<\/div><div class=\"fig-meta\"><p class=\"fig-mail\"><strong>Email:<\/strong> <span>fatimaemmejia@hotmail.com<\/span><\/p><\/div>\n                            <\/figcaption>\n                        <\/figure><div class=\"profile-card-meta\">\n                                <ul class=\"pfofile-social list-unstyled list-inline\"><li><a href=\"https:\/\/orcid.org\/0000-0003-2882-4346\"> <img src=\"https:\/\/observatoriolatinoamericano.cl\/wp-content\/uploads\/2021\/06\/id-1-2.png\" alt=\"sabbi-social\" class=\"img-responsive\"><\/a><\/li><\/ul>\n                            <\/div><\/div>\n                <\/div><div class=\"col-sm-6 col-md-3\">\n                    <div class=\"profile-card profile-card-meta_classic kc-elm kc-css-228166\">\n                        <figure>\n                             <img width=\"150\" height=\"150\" src=\"https:\/\/observatoriolatinoamericano.cl\/wp-content\/uploads\/2021\/06\/e-goulart_obs-1-150x150.jpg\" class=\"img-responsive\" alt=\"\" loading=\"lazy\" \/>\n                            <figcaption><a href=\"https:\/\/observatoriolatinoamericano.cl\/index.php\/nucleo_equipo\/edna-goulart-joazeiro\/\"><h3 class=\"fig-title\">Dra. Edna Goulart Joazeiro<\/h3><\/a><div class=\"fig-title-des\">P\u00f3s doutorado em Servi\u00e7o Social pela Pontif\u00edcia Universidade Cat\u00f3lica de S\u00e3o Paulo (2012), Doutorado em Educa\u00e7\u00e3o (2008) e Mestrado em Educa\u00e7\u00e3o (2002) ambos pela Faculdade de Educa\u00e7\u00e3o da Universidade Estadual de Campinas, possui gradua\u00e7\u00e3o em Servi\u00e7o Social pela Pontif\u00edcia Universidade Cat\u00f3lica de Campinas (1982) e graduada em Ci\u00eancias Sociais pela Universidade Estadual de Campinas (1989) - Brasil<\/div><div class=\"fig-meta\"><p class=\"fig-mail\"><strong>Email:<\/strong> <span>emjoazeiro@gmail.com<\/span><\/p><\/div>\n                            <\/figcaption>\n                        <\/figure><div class=\"profile-card-meta\">\n                                <ul class=\"pfofile-social list-unstyled list-inline\"><li><a href=\"https:\/\/sigaa.ufpi.br\/sigaa\/public\/docente\/portal.jsf?siape=2259488\"> <img src=\"https:\/\/observatoriolatinoamericano.cl\/wp-content\/uploads\/2021\/06\/ufp_obs_icono-1.jpg\" alt=\"sabbi-social\" class=\"img-responsive\"><\/a><\/li><li><a href=\"https:\/\/orcid.org\/0000-0003-1998-4532\"> <img src=\"https:\/\/observatoriolatinoamericano.cl\/wp-content\/uploads\/2021\/06\/id-1-2.png\" alt=\"sabbi-social\" class=\"img-responsive\"><\/a><\/li><\/ul>\n                            <\/div><\/div>\n                <\/div><div class=\"team-clearfix\"><\/div><div class=\"col-sm-6 col-md-3\">\n                    <div class=\"profile-card profile-card-meta_classic kc-elm kc-css-228166\">\n                        <figure>\n                             <img width=\"117\" height=\"112\" src=\"https:\/\/observatoriolatinoamericano.cl\/wp-content\/uploads\/2021\/06\/pauline_guinad_obs.png\" class=\"img-responsive\" alt=\"\" loading=\"lazy\" \/>\n                            <figcaption><a href=\"https:\/\/observatoriolatinoamericano.cl\/index.php\/nucleo_equipo\/dra-pauline-guinard\/\"><h3 class=\"fig-title\">Dra. Pauline Guinard<\/h3><\/a><div class=\"fig-title-des\">Assistant Professor at the Department Geography &amp; Territories of the Ecole normale sup\u00e9rieure (Paris, France). She does research on the relationships between art and urban spaces and co-animates a research group called 'ArtiCit\u00e9s \/ ArtiCities'. She is also developing studies on the geographies of emotions. - Francia<\/div><div class=\"fig-meta\"><p class=\"fig-mail\"><strong>Email:<\/strong> <span>pauline.guinard@ens.fr<\/span><\/p><\/div>\n                            <\/figcaption>\n                        <\/figure><div class=\"profile-card-meta\">\n                                <ul class=\"pfofile-social list-unstyled list-inline\"><li><a href=\"https:\/\/www.researchgate.net\/profile\/Pauline-Guinard\"> <img src=\"https:\/\/observatoriolatinoamericano.cl\/wp-content\/uploads\/2021\/06\/researcgate_icono.png\" alt=\"sabbi-social\" class=\"img-responsive\"><\/a><\/li><\/ul>\n                            <\/div><\/div>\n                <\/div><div class=\"col-sm-6 col-md-3\">\n                    <div class=\"profile-card profile-card-meta_classic kc-elm kc-css-228166\">\n                        <figure>\n                             <img width=\"150\" height=\"150\" src=\"https:\/\/observatoriolatinoamericano.cl\/wp-content\/uploads\/2021\/06\/rene_ardoso_ruiz_obs-150x150.png\" class=\"img-responsive\" alt=\"\" loading=\"lazy\" \/>\n                            <figcaption><a href=\"https:\/\/observatoriolatinoamericano.cl\/index.php\/nucleo_equipo\/dr-rene-cardoso-ruiz\/\"><h3 class=\"fig-title\">Dr. Ren\u00e9 Cardoso Ruiz<\/h3><\/a><div class=\"fig-title-des\">Doctor en Estudios Latinoamericanos  Por la Universidad Nacional Aut\u00f3noma de M\u00e9xico - M\u00e9xico<\/div><div class=\"fig-meta\"><p class=\"fig-mail\"><strong>Email:<\/strong> <span>patriciocardoso@yahoo.com<\/span><\/p><\/div>\n                            <\/figcaption>\n                        <\/figure><div class=\"profile-card-meta\">\n                                <ul class=\"pfofile-social list-unstyled list-inline\"><li><a href=\"https:\/\/scholar.google.com\/citations?user=kH_hijwAAAAJ&#038;hl=es\"> <img src=\"https:\/\/observatoriolatinoamericano.cl\/wp-content\/uploads\/2017\/07\/gs-1-2.png\" alt=\"sabbi-social\" class=\"img-responsive\"><\/a><\/li><\/ul>\n                            <\/div><\/div>\n                <\/div><div class=\"team-clearfix\"><\/div><div class=\"col-sm-6 col-md-3\">\n                    <div class=\"profile-card profile-card-meta_classic kc-elm kc-css-228166\">\n                        <figure>\n                             <img width=\"150\" height=\"150\" src=\"https:\/\/observatoriolatinoamericano.cl\/wp-content\/uploads\/2021\/06\/andres_kosel_obs-150x150.jpg\" class=\"img-responsive\" alt=\"\" loading=\"lazy\" srcset=\"https:\/\/observatoriolatinoamericano.cl\/wp-content\/uploads\/2021\/06\/andres_kosel_obs-150x150.jpg 150w, https:\/\/observatoriolatinoamericano.cl\/wp-content\/uploads\/2021\/06\/andres_kosel_obs-300x300.jpg 300w, https:\/\/observatoriolatinoamericano.cl\/wp-content\/uploads\/2021\/06\/andres_kosel_obs.jpg 500w\" sizes=\"(max-width: 150px) 100vw, 150px\" \/>\n                            <figcaption><a href=\"https:\/\/observatoriolatinoamericano.cl\/index.php\/nucleo_equipo\/andres-kozel\/\"><h3 class=\"fig-title\">Dr. Andr\u00e9s Kozel<\/h3><\/a><div class=\"fig-title-des\">Doctor en Estudios Latinoamericanos. Licenciado en Sociolog\u00eda - Argentina<\/div><div class=\"fig-meta\"><p class=\"fig-mail\"><strong>Email:<\/strong> <span>andres.kozel@gmail.com<\/span><\/p><\/div>\n                            <\/figcaption>\n                        <\/figure><div class=\"profile-card-meta\">\n                                <ul class=\"pfofile-social list-unstyled list-inline\"><li><a href=\"https:\/\/www.conicet.gov.ar\/new_scp\/detalle.php?keywords=&#038;id=40177&#038;datos_academicos=yes\"> <img src=\"https:\/\/observatoriolatinoamericano.cl\/wp-content\/uploads\/2021\/06\/logo-CONICET-1.png\" alt=\"sabbi-social\" class=\"img-responsive\"><\/a><\/li><\/ul>\n                            <\/div><\/div>\n                <\/div><div class=\"col-sm-6 col-md-3\">\n                    <div class=\"profile-card profile-card-meta_classic kc-elm kc-css-228166\">\n                        <figure>\n                             <img width=\"150\" height=\"150\" src=\"https:\/\/observatoriolatinoamericano.cl\/wp-content\/uploads\/2021\/10\/Farinetti-foto-institucional-2-150x150.jpg\" class=\"img-responsive\" alt=\"\" loading=\"lazy\" \/>\n                            <figcaption><a href=\"https:\/\/observatoriolatinoamericano.cl\/index.php\/nucleo_equipo\/dra-marina-farinetti\/\"><h3 class=\"fig-title\">Dra. Marina Farinetti<\/h3><\/a><div class=\"fig-title-des\">Especialista en historia conceptual, teor\u00eda pol\u00edtica y social y movimientos sociales. Licenciada en Ciencia Pol\u00edtica, Facultad de Ciencias Sociales, Universidad de Buenos Aires. (2002) Magister en Investigaci\u00f3n en Ciencias Sociales, Facultad de Ciencias Sociales, Universidad de Buenos Aires. Doctora de la Universidad de Buenos Aires en Ciencias Sociales.<\/div><div class=\"fig-meta\"><p class=\"fig-mail\"><strong>Email:<\/strong> <span>mfarinetti@unsam.edu.ar<\/span><\/p><\/div>\n                            <\/figcaption>\n                        <\/figure><div class=\"profile-card-meta\">\n                                <ul class=\"pfofile-social list-unstyled list-inline\"><li><a href=\"https:\/\/www.researchgate.net\/profile\/Marina-Farinetti\"> <img src=\"https:\/\/observatoriolatinoamericano.cl\/wp-content\/uploads\/2021\/06\/researcgate_icono.png\" alt=\"sabbi-social\" class=\"img-responsive\"><\/a><\/li><\/ul>\n                            <\/div><\/div>\n                <\/div><div class=\"team-clearfix\"><\/div><div class=\"col-sm-6 col-md-3\">\n                    <div class=\"profile-card profile-card-meta_classic kc-elm kc-css-228166\">\n                        <figure>\n                             <img width=\"150\" height=\"150\" src=\"https:\/\/observatoriolatinoamericano.cl\/wp-content\/uploads\/2021\/09\/rosa_soriano_es-150x150.png\" class=\"img-responsive\" alt=\"\" loading=\"lazy\" \/>\n                            <figcaption><a href=\"https:\/\/observatoriolatinoamericano.cl\/index.php\/nucleo_equipo\/dra-rosa-m-soriano-miras\/\"><h3 class=\"fig-title\">Dra. Rosa Mar\u00eda Soriano Miras<\/h3><\/a><div class=\"fig-title-des\">Doctora en Sociolog\u00eda, Universidad de Granada .\r\nDepartamento de Sociolog\u00eda. Facultad de CC.PP. y Sociolog\u00eda.<\/div><div class=\"fig-meta\"><\/div>\n                            <\/figcaption>\n                        <\/figure><div class=\"profile-card-meta\">\n                                <ul class=\"pfofile-social list-unstyled list-inline\"><li><a href=\"https:\/\/www.ugr.es\/personal\/rosa-maria-soriano-miras\"> <img src=\"https:\/\/observatoriolatinoamericano.cl\/wp-content\/uploads\/2021\/06\/ugranada_logo-1.jpg\" alt=\"sabbi-social\" class=\"img-responsive\"><\/a><\/li><\/ul>\n                            <\/div><\/div>\n                <\/div><div class=\"col-sm-6 col-md-3\">\n                    <div class=\"profile-card profile-card-meta_classic kc-elm kc-css-228166\">\n                        <figure>\n                             <img width=\"150\" height=\"150\" src=\"https:\/\/observatoriolatinoamericano.cl\/wp-content\/uploads\/2021\/06\/lorena_valencia_obs-1-150x150.jpg\" class=\"img-responsive\" alt=\"\" loading=\"lazy\" \/>\n                            <figcaption><a href=\"https:\/\/observatoriolatinoamericano.cl\/index.php\/nucleo_equipo\/dra-lorena-valencia-galvez\/\"><h3 class=\"fig-title\">Dra. Lorena Valencia G.<\/h3><\/a><div class=\"fig-title-des\">Universitat de Barcelona. Ph.D Social Anthropology University of Manchester , Inglaterra. Postdoctorado Universidad de Barcelona Espa\u00f1a. Magister en Antropolog\u00eda Universidad de Chile. Profesora agregada Facultat d'Educaci\u00f3 Unitat de Formaci\u00f3 i Recerca de Treball Social.\r\n<\/div><div class=\"fig-meta\"><p class=\"fig-mail\"><strong>Email:<\/strong> <span>l.valencia.galvez@ub.edu<\/span><\/p><\/div>\n                            <\/figcaption>\n                        <\/figure><div class=\"profile-card-meta\">\n                                <ul class=\"pfofile-social list-unstyled list-inline\"><li><a href=\"https:\/\/utem-cl.academia.edu\/LorenaValenciaGalvez\"> <img src=\"https:\/\/observatoriolatinoamericano.cl\/wp-content\/uploads\/2021\/06\/academia_icono-1.png\" alt=\"sabbi-social\" class=\"img-responsive\"><\/a><\/li><li><a href=\"https:\/\/orcid.org\/0000-0002-3386-6447\"> <img src=\"https:\/\/observatoriolatinoamericano.cl\/wp-content\/uploads\/2021\/06\/id-1-2.png\" alt=\"sabbi-social\" class=\"img-responsive\"><\/a><\/li><\/ul>\n                            <\/div><\/div>\n                <\/div><div class=\"team-clearfix\"><\/div><div class=\"col-sm-6 col-md-3\">\n                    <div class=\"profile-card profile-card-meta_classic kc-elm kc-css-228166\">\n                        <figure>\n                             <img width=\"150\" height=\"150\" src=\"https:\/\/observatoriolatinoamericano.cl\/wp-content\/uploads\/2021\/06\/Foto-congresos-150x150.jpg\" class=\"img-responsive\" alt=\"\" loading=\"lazy\" srcset=\"https:\/\/observatoriolatinoamericano.cl\/wp-content\/uploads\/2021\/06\/Foto-congresos-150x150.jpg 150w, https:\/\/observatoriolatinoamericano.cl\/wp-content\/uploads\/2021\/06\/Foto-congresos-300x300.jpg 300w, https:\/\/observatoriolatinoamericano.cl\/wp-content\/uploads\/2021\/06\/Foto-congresos-1024x1024.jpg 1024w, https:\/\/observatoriolatinoamericano.cl\/wp-content\/uploads\/2021\/06\/Foto-congresos-768x768.jpg 768w, https:\/\/observatoriolatinoamericano.cl\/wp-content\/uploads\/2021\/06\/Foto-congresos.jpg 1368w\" sizes=\"(max-width: 150px) 100vw, 150px\" \/>\n                            <figcaption><a href=\"https:\/\/observatoriolatinoamericano.cl\/index.php\/nucleo_equipo\/dra-paula-sepulveda-navarrete\/\"><h3 class=\"fig-title\">Dra. Paula Sep\u00falveda Navarrete<\/h3><\/a><div class=\"fig-title-des\">Doctora por el programa G\u00e9nero, Identidades y Ciudadan\u00eda de la Universidad de C\u00e1diz, Espa\u00f1a. M\u00e1ster en Estudios de G\u00e9nero, Identidad y Ciudadan\u00eda por la Universidad de C\u00e1diz.\r\n<\/div><div class=\"fig-meta\"><p class=\"fig-mail\"><strong>Email:<\/strong> <span>sepulveda paula.navarrete@uca.es<\/span><\/p><\/div>\n                            <\/figcaption>\n                        <\/figure><div class=\"profile-card-meta\">\n                                <ul class=\"pfofile-social list-unstyled list-inline\"><li><a href=\"https:\/\/scholar.google.es\/citations?user=Mr11yf8AAAAJ&#038;hl=es\"> <img src=\"https:\/\/observatoriolatinoamericano.cl\/wp-content\/uploads\/2017\/07\/gs-1-2.png\" alt=\"sabbi-social\" class=\"img-responsive\"><\/a><\/li><li><a href=\"https:\/\/indess.uca.es\/paula-sepulveda-navarrete\/\"> <img src=\"https:\/\/observatoriolatinoamericano.cl\/wp-content\/uploads\/2021\/06\/uca_obs_icono.png\" alt=\"sabbi-social\" class=\"img-responsive\"><\/a><\/li><\/ul>\n                            <\/div><\/div>\n                <\/div><div class=\"col-sm-6 col-md-3\">\n                    <div class=\"profile-card profile-card-meta_classic kc-elm kc-css-228166\">\n                        <figure>\n                             <img width=\"150\" height=\"150\" src=\"https:\/\/observatoriolatinoamericano.cl\/wp-content\/uploads\/2021\/06\/Zhang_Jingting_obs-150x150.jpg\" class=\"img-responsive\" alt=\"\" loading=\"lazy\" \/>\n                            <figcaption><a href=\"https:\/\/observatoriolatinoamericano.cl\/index.php\/nucleo_equipo\/zhang-jingting\/\"><h3 class=\"fig-title\">Dra. Jingting Zhang<\/h3><\/a><div class=\"fig-title-des\">Doctora en Ciencias Sociales, Universidad de Buenos Aires. Universidad de Estudios Internacionales de Shanghai - China\r\n\r\n\r\n\r\n\r\n\r\n<\/div><div class=\"fig-meta\"><p class=\"fig-mail\"><strong>Email:<\/strong> <span>felisazhang007@gmail.com<\/span><\/p><\/div>\n                            <\/figcaption>\n                        <\/figure><div class=\"profile-card-meta\">\n                                <ul class=\"pfofile-social list-unstyled list-inline\"><li><a href=\"http:\/\/www.selas.shisu.edu.cn\/\"> <img src=\"https:\/\/observatoriolatinoamericano.cl\/wp-content\/uploads\/2021\/06\/sisu_icono.png\" alt=\"sabbi-social\" class=\"img-responsive\"><\/a><\/li><\/ul>\n                            <\/div><\/div>\n                <\/div><div class=\"team-clearfix\"><\/div><div class=\"col-sm-6 col-md-3\">\n                    <div class=\"profile-card profile-card-meta_classic kc-elm kc-css-228166\">\n                        <figure>\n                             <img width=\"150\" height=\"150\" src=\"https:\/\/observatoriolatinoamericano.cl\/wp-content\/uploads\/2021\/06\/eduado_deves_obs-1-150x150.jpg\" class=\"img-responsive\" alt=\"\" loading=\"lazy\" srcset=\"https:\/\/observatoriolatinoamericano.cl\/wp-content\/uploads\/2021\/06\/eduado_deves_obs-1-150x150.jpg 150w, https:\/\/observatoriolatinoamericano.cl\/wp-content\/uploads\/2021\/06\/eduado_deves_obs-1.jpg 200w\" sizes=\"(max-width: 150px) 100vw, 150px\" \/>\n                            <figcaption><a href=\"https:\/\/observatoriolatinoamericano.cl\/index.php\/nucleo_equipo\/eduardo-deves\/\"><h3 class=\"fig-title\">Dr. Eduardo Dev\u00e9s<\/h3><\/a><div class=\"fig-title-des\">Doctor en Filosof\u00eda, Universidad de Lovaina, 1978 B\u00e9lgica. Doctor en Estudios de Sociedades Latinoamericanas, Universidad de Par\u00eds III, 1981, Francia. Licenciado en Filosof\u00eda, Universidad de Lovaina, 1977, B\u00e9lgica. IDEA USACH-Chile<\/div><div class=\"fig-meta\"><p class=\"fig-mail\"><strong>Email:<\/strong> <span>eduardo.deves@usach.cl<\/span><\/p><\/div>\n                            <\/figcaption>\n                        <\/figure><div class=\"profile-card-meta\">\n                                <ul class=\"pfofile-social list-unstyled list-inline\"><li><a href=\"https:\/\/scholar.google.com\/citations?user=tDoWm3EAAAAJ&#038;hl=es\"> <img src=\"https:\/\/observatoriolatinoamericano.cl\/wp-content\/uploads\/2017\/07\/gs-1-2.png\" alt=\"sabbi-social\" class=\"img-responsive\"><\/a><\/li><\/ul>\n                            <\/div><\/div>\n                <\/div><div class=\"action-wrap text-right-sm kc-elm kc-css-228166\"><a href=\"#\" title=\"btn title\" target=\"_self\" class=\"btn btn-unsolemn btn-action\">View all<\/a><\/div><\/div><\/div><\/div><\/div><\/section>\n","protected":false},"excerpt":{"rendered":"","protected":false},"author":1,"featured_media":2641,"parent":2740,"menu_order":0,"comment_status":"closed","ping_status":"closed","template":"","meta":[],"_links":{"self":[{"href":"https:\/\/observatoriolatinoamericano.cl\/index.php\/wp-json\/wp\/v2\/pages\/2736"}],"collection":[{"href":"https:\/\/observatoriolatinoamericano.cl\/index.php\/wp-json\/wp\/v2\/pages"}],"about":[{"href":"https:\/\/observatoriolatinoamericano.cl\/index.php\/wp-json\/wp\/v2\/types\/page"}],"author":[{"embeddable":true,"href":"https:\/\/observatoriolatinoamericano.cl\/index.php\/wp-json\/wp\/v2\/users\/1"}],"replies":[{"embeddable":true,"href":"https:\/\/observatoriolatinoamericano.cl\/index.php\/wp-json\/wp\/v2\/comments?post=2736"}],"version-history":[{"count":40,"href":"https:\/\/observatoriolatinoamericano.cl\/index.php\/wp-json\/wp\/v2\/pages\/2736\/revisions"}],"predecessor-version":[{"id":3650,"href":"https:\/\/observatoriolatinoamericano.cl\/index.php\/wp-json\/wp\/v2\/pages\/2736\/revisions\/3650"}],"up":[{"embeddable":true,"href":"https:\/\/observatoriolatinoamericano.cl\/index.php\/wp-json\/wp\/v2\/pages\/2740"}],"wp:featuredmedia":[{"embeddable":true,"href":"https:\/\/observatoriolatinoamericano.cl\/index.php\/wp-json\/wp\/v2\/media\/2641"}],"wp:attachment":[{"href":"https:\/\/observatoriolatinoamericano.cl\/index.php\/wp-json\/wp\/v2\/media?parent=2736"}],"curies":[{"name":"wp","href":"https:\/\/api.w.org\/{rel}","templated":true}]}}