{"id":2707,"date":"2021-06-28T22:42:25","date_gmt":"2021-06-29T01:42:25","guid":{"rendered":"https:\/\/www.observatoriolatinoamericano.cl\/?page_id=2707"},"modified":"2025-04-12T20:38:20","modified_gmt":"2025-04-12T23:38:20","slug":"nucleo-semilla","status":"publish","type":"page","link":"https:\/\/observatoriolatinoamericano.cl\/index.php\/nucleo-de-investigacion\/nucleo-semilla\/","title":{"rendered":"N\u00facleo Semilla"},"content":{"rendered":"<p><section class=\"kc-elm kc-css-894484 kc_row\"><div class=\"kc-row-container  kc-container\"><div class=\"kc-wrap-columns\"><div class=\"kc-elm kc-css-669835 kc_col-sm-12 kc_column kc_col-sm-12\"><div class=\"kc-col-container\"><div class=\"kc-elm kc-css-278830 kc_text_block\"><\/p>\n<h3><strong>Acerca del N\u00facleo Semilla<\/strong><\/h3>\n<p>\n<\/div><\/div><\/div><\/div><\/div><\/section><section class=\"kc-elm kc_row\"><div class=\"kc-row-container  kc-container\"><div class=\"kc-wrap-columns\"><div class=\"kc-elm kc_column kc_col-sm-12\"><div class=\"kc-col-container\"><div class=\"kc-elm kc-css-815726 kc_text_block\"><\/p>\n<p>El <strong>N\u00facleo Semilla<\/strong> es una instancia orientada a j\u00f3venes profesionales con inter\u00e9s en el estudio de las profesiones en las sociedades contempor\u00e1neas. Quienes lo integran colaboran activamente en el desarrollo de investigaciones junto al equipo acad\u00e9mico, participando en la producci\u00f3n de conocimientos socialmente \u00fatiles. <strong>Este N\u00facleo<\/strong> fomenta el pensamiento cr\u00edtico, el trabajo interdisciplinario y el compromiso con la generaci\u00f3n de saberes situados, contribuyendo al fortalecimiento de nuevas trayectorias profesionales en el campo de la investigaci\u00f3n social.<\/p>\n<div class=\"yj6qo\">\u00a0<\/div>\n<div class=\"adL\">\u00a0<\/div>\n<p>\n<\/div><div class=\"col-sm-6 col-md-3\">\n                    <div class=\"profile-card profile-card-meta_classic kc-elm kc-css-80\">\n                        <figure>\n                             <img width=\"266\" height=\"300\" src=\"https:\/\/observatoriolatinoamericano.cl\/wp-content\/uploads\/2022\/05\/Catalina_Fernandez-2-266x300.jpg\" class=\"img-responsive\" alt=\"\" loading=\"lazy\" srcset=\"https:\/\/observatoriolatinoamericano.cl\/wp-content\/uploads\/2022\/05\/Catalina_Fernandez-2-266x300.jpg 266w, https:\/\/observatoriolatinoamericano.cl\/wp-content\/uploads\/2022\/05\/Catalina_Fernandez-2.jpg 490w\" sizes=\"(max-width: 266px) 100vw, 266px\" \/>\n                            <figcaption><a href=\"https:\/\/observatoriolatinoamericano.cl\/index.php\/nucleo_equipo\/catalina-belen-fernandez-castro\/\"><h3 class=\"fig-title\">Catalina Fern\u00e1ndez Castro<\/h3><\/a><div class=\"fig-title-des\">Licenciada en Trabajo Social, \r\nPontificia Universidad Cat\u00f3lica de Valpara\u00edso\r\nPUCV, Chile.<\/div><div class=\"fig-meta\"><\/div>\n                            <\/figcaption>\n                        <\/figure><div class=\"profile-card-meta\">\n                                <ul class=\"pfofile-social list-unstyled list-inline\"><li><a href=\"https:\/\/orcid.org\/0009-0006-9978-693X\"> <img src=\"https:\/\/observatoriolatinoamericano.cl\/wp-content\/uploads\/2021\/06\/id-1-2.png\" alt=\"sabbi-social\" class=\"img-responsive\"><\/a><\/li><\/ul>\n                            <\/div><\/div>\n                <\/div><div class=\"col-sm-6 col-md-3\">\n                    <div class=\"profile-card profile-card-meta_classic kc-elm kc-css-80\">\n                        <figure>\n                             <img width=\"245\" height=\"300\" src=\"https:\/\/observatoriolatinoamericano.cl\/wp-content\/uploads\/2023\/05\/Captura-desde-2023-05-10-11-31-19-245x300.png\" class=\"img-responsive\" alt=\"\" loading=\"lazy\" srcset=\"https:\/\/observatoriolatinoamericano.cl\/wp-content\/uploads\/2023\/05\/Captura-desde-2023-05-10-11-31-19-245x300.png 245w, https:\/\/observatoriolatinoamericano.cl\/wp-content\/uploads\/2023\/05\/Captura-desde-2023-05-10-11-31-19.png 514w\" sizes=\"(max-width: 245px) 100vw, 245px\" \/>\n                            <figcaption><a href=\"https:\/\/observatoriolatinoamericano.cl\/index.php\/nucleo_equipo\/carla-celis-saldana\/\"><h3 class=\"fig-title\">Carla Celis Salda\u00f1a<\/h3><\/a><div class=\"fig-title-des\">Licenciada en Trabajo Social, \r\nPontificia Universidad Cat\u00f3lica de Valpara\u00edso, PUCV, Chile.<\/div><div class=\"fig-meta\"><\/div>\n                            <\/figcaption>\n                        <\/figure><div class=\"profile-card-meta\">\n                                <ul class=\"pfofile-social list-unstyled list-inline\"><li><a href=\"https:\/\/orcid.org\/0009-0002-2845-5472\"> <img src=\"https:\/\/observatoriolatinoamericano.cl\/wp-content\/uploads\/2021\/06\/id-1-2.png\" alt=\"sabbi-social\" class=\"img-responsive\"><\/a><\/li><\/ul>\n                            <\/div><\/div>\n                <\/div><div class=\"team-clearfix\"><\/div><div class=\"col-sm-6 col-md-3\">\n                    <div class=\"profile-card profile-card-meta_classic kc-elm kc-css-80\">\n                        <figure>\n                             <img width=\"300\" height=\"300\" src=\"https:\/\/observatoriolatinoamericano.cl\/wp-content\/uploads\/2025\/04\/Untitled-design-2-300x300.jpg\" class=\"img-responsive\" alt=\"\" loading=\"lazy\" srcset=\"https:\/\/observatoriolatinoamericano.cl\/wp-content\/uploads\/2025\/04\/Untitled-design-2-300x300.jpg 300w, https:\/\/observatoriolatinoamericano.cl\/wp-content\/uploads\/2025\/04\/Untitled-design-2-150x150.jpg 150w, https:\/\/observatoriolatinoamericano.cl\/wp-content\/uploads\/2025\/04\/Untitled-design-2-768x768.jpg 768w, https:\/\/observatoriolatinoamericano.cl\/wp-content\/uploads\/2025\/04\/Untitled-design-2.jpg 800w\" sizes=\"(max-width: 300px) 100vw, 300px\" \/>\n                            <figcaption><a href=\"https:\/\/observatoriolatinoamericano.cl\/index.php\/nucleo_equipo\/aranza-vargas-donoso\/\"><h3 class=\"fig-title\">Aranza Vargas Donoso<\/h3><\/a><div class=\"fig-title-des\"><!-- wp:paragraph -->\r\n<p>Tesista de Trabajo Social PUCV<\/p>\r\n<!-- \/wp:paragraph -->\r\n<!-- wp:paragraph -->\r\n<p><strong>Proyecto Fondecyt Regular 1241012, a\u00f1os 2024-2028<\/strong><\/p>\r\n<!-- \/wp:paragraph --><\/div><div class=\"fig-meta\"><\/div>\n                            <\/figcaption>\n                        <\/figure><div class=\"profile-card-meta\">\n                                <ul class=\"pfofile-social list-unstyled list-inline\"><\/ul>\n                            <\/div><\/div>\n                <\/div><div class=\"col-sm-6 col-md-3\">\n                    <div class=\"profile-card profile-card-meta_classic kc-elm kc-css-80\">\n                        <figure>\n                             <img width=\"241\" height=\"300\" src=\"https:\/\/observatoriolatinoamericano.cl\/wp-content\/uploads\/2025\/03\/Natalia_Ahumada-241x300.png\" class=\"img-responsive\" alt=\"\" loading=\"lazy\" srcset=\"https:\/\/observatoriolatinoamericano.cl\/wp-content\/uploads\/2025\/03\/Natalia_Ahumada-241x300.png 241w, https:\/\/observatoriolatinoamericano.cl\/wp-content\/uploads\/2025\/03\/Natalia_Ahumada.png 620w\" sizes=\"(max-width: 241px) 100vw, 241px\" \/>\n                            <figcaption><a href=\"https:\/\/observatoriolatinoamericano.cl\/index.php\/nucleo_equipo\/natalia-ahumada-cardenas\/\"><h3 class=\"fig-title\">Natalia Ahumada C\u00e1rdenas<\/h3><\/a><div class=\"fig-title-des\">Licenciada en Sociolog\u00eda,\r\nUniversidad de Valpara\u00edso, UV, Chile. \r\nDiplomada en Pol\u00edticas de G\u00e9nero desde el Territorio, \r\nUniversidad Cat\u00f3lica de Temuco, Chile.<\/div><div class=\"fig-meta\"><\/div>\n                            <\/figcaption>\n                        <\/figure><div class=\"profile-card-meta\">\n                                <ul class=\"pfofile-social list-unstyled list-inline\"><li><a href=\"https:\/\/orcid.org\/0009-0006-3017-1152\"> <img src=\"https:\/\/observatoriolatinoamericano.cl\/wp-content\/uploads\/2021\/06\/id-1-2.png\" alt=\"sabbi-social\" class=\"img-responsive\"><\/a><\/li><\/ul>\n                            <\/div><\/div>\n                <\/div><div class=\"team-clearfix\"><\/div><div class=\"col-sm-6 col-md-3\">\n                    <div class=\"profile-card profile-card-meta_classic kc-elm kc-css-80\">\n                        <figure>\n                             <img width=\"257\" height=\"300\" src=\"https:\/\/observatoriolatinoamericano.cl\/wp-content\/uploads\/2021\/06\/jonathan_franco_obs-257x300.png\" class=\"img-responsive\" alt=\"\" loading=\"lazy\" srcset=\"https:\/\/observatoriolatinoamericano.cl\/wp-content\/uploads\/2021\/06\/jonathan_franco_obs-257x300.png 257w, https:\/\/observatoriolatinoamericano.cl\/wp-content\/uploads\/2021\/06\/jonathan_franco_obs.png 334w\" sizes=\"(max-width: 257px) 100vw, 257px\" \/>\n                            <figcaption><a href=\"https:\/\/observatoriolatinoamericano.cl\/index.php\/nucleo_equipo\/jonathan-franco-araya\/\"><h3 class=\"fig-title\">Jonathan Franco Araya<\/h3><\/a><div class=\"fig-title-des\">Licenciado en  Trabajo Social\r\nPontificia Universidad Cat\u00f3lica de Valpara\u00edso\r\nPUCV<\/div><div class=\"fig-meta\"><\/div>\n                            <\/figcaption>\n                        <\/figure><div class=\"profile-card-meta\">\n                                <ul class=\"pfofile-social list-unstyled list-inline\"><li><a href=\"https:\/\/orcid.org\/0000-0003-1812-8080\"> <img src=\"https:\/\/observatoriolatinoamericano.cl\/wp-content\/uploads\/2021\/06\/id-1-2.png\" alt=\"sabbi-social\" class=\"img-responsive\"><\/a><\/li><\/ul>\n                            <\/div><\/div>\n                <\/div><div class=\"action-wrap text-right-sm kc-elm kc-css-80\"><a href=\"#\" title=\"btn title\" target=\"_self\" class=\"btn btn-unsolemn btn-action\">View all<\/a><\/div><\/div><\/div><\/div><\/div><\/section><\/p>\n","protected":false},"excerpt":{"rendered":"","protected":false},"author":1,"featured_media":2576,"parent":2740,"menu_order":0,"comment_status":"closed","ping_status":"closed","template":"","meta":[],"_links":{"self":[{"href":"https:\/\/observatoriolatinoamericano.cl\/index.php\/wp-json\/wp\/v2\/pages\/2707"}],"collection":[{"href":"https:\/\/observatoriolatinoamericano.cl\/index.php\/wp-json\/wp\/v2\/pages"}],"about":[{"href":"https:\/\/observatoriolatinoamericano.cl\/index.php\/wp-json\/wp\/v2\/types\/page"}],"author":[{"embeddable":true,"href":"https:\/\/observatoriolatinoamericano.cl\/index.php\/wp-json\/wp\/v2\/users\/1"}],"replies":[{"embeddable":true,"href":"https:\/\/observatoriolatinoamericano.cl\/index.php\/wp-json\/wp\/v2\/comments?post=2707"}],"version-history":[{"count":26,"href":"https:\/\/observatoriolatinoamericano.cl\/index.php\/wp-json\/wp\/v2\/pages\/2707\/revisions"}],"predecessor-version":[{"id":4055,"href":"https:\/\/observatoriolatinoamericano.cl\/index.php\/wp-json\/wp\/v2\/pages\/2707\/revisions\/4055"}],"up":[{"embeddable":true,"href":"https:\/\/observatoriolatinoamericano.cl\/index.php\/wp-json\/wp\/v2\/pages\/2740"}],"wp:featuredmedia":[{"embeddable":true,"href":"https:\/\/observatoriolatinoamericano.cl\/index.php\/wp-json\/wp\/v2\/media\/2576"}],"wp:attachment":[{"href":"https:\/\/observatoriolatinoamericano.cl\/index.php\/wp-json\/wp\/v2\/media?parent=2707"}],"curies":[{"name":"wp","href":"https:\/\/api.w.org\/{rel}","templated":true}]}}