{"id":257,"date":"2017-08-02T09:22:17","date_gmt":"2017-08-02T09:22:17","guid":{"rendered":"http:\/\/rushmore.wpcolorlab.com\/?page_id=257"},"modified":"2025-01-28T12:38:31","modified_gmt":"2025-01-28T15:38:31","slug":"event","status":"publish","type":"page","link":"https:\/\/observatoriolatinoamericano.cl\/index.php\/event\/","title":{"rendered":"Seminarios, Congresos&#8230;"},"content":{"rendered":"<section class=\"kc-elm kc-css-416399 kc_row\"><div class=\"kc-row-container  kc-container\"><div class=\"kc-wrap-columns\">    \n    <div class=\"rushmore-content-area page-events stage_events_post\">\n        <div class=\"container\">\n            <div class=\"events_post-sagment\">\n\n                    <div class=\"row\">\n                                        <div class=\"col-sm-6\">\n                        <article class=\"sabbi-events-item kc-elm kc-css-679123\">\n                            <a href=\"https:\/\/observatoriolatinoamericano.cl\/index.php\/evento_observatorio\/xxiv-seminario-de-alaeits-chile-2025-pre-seminario-del-cono-sur\/\" class=\"sabbi-events-link\">\n                                <figure>\n                                    <img src=\"https:\/\/observatoriolatinoamericano.cl\/wp-content\/uploads\/2025\/06\/preseminario-conosur.jpg\" class=\"sabbi-events-img img-responsive\" alt=\"\" loading=\"lazy\" \/>                                    <figcaption>\n                                        <h2 class=\"sabbi-events-title font-md__x\">XXIV Seminario de ALAEITS Chile 2025 Pre-Seminario del Cono Sur<\/h2>\n                                    <\/figcaption>\n                                <\/figure>\n                            <\/a>\n                            <div class=\"events-item-meta\">\n                                                                <div class=\"events-loc\"><i class=\"ion-location\"><\/i><span class=\"text\">\ud83d\udd14 [Invitaci\u00f3n abierta]\r\nNos preparamos para el XXIV Seminario de ALAEITS Chile 2025, con un Pre-Seminario del Cono Sur que reunir\u00e1 a destacadas expositoras de Argentina, Brasil, Chile, Paraguay y Uruguay.\r\n\r\n\ud83d\uddd3\ufe0f Lunes 16 de junio\r\n\u23f0 18:00 h (Argentina) \/ 17:00 h (Chile)\r\n\ud83d\udccd Transmisi\u00f3n en vivo por YouTube\r\n\ud83d\udd17 https:\/\/www.youtube.com\/channel\/UCYlEl_hQj3zO35IiGobz7aA\r\n\r\n\ud83d\udccc Tema central:\r\nA 100 a\u00f1os del Trabajo Social Latinoamericano y Caribe\u00f1o\r\nCrisis civilizatoria, luchas contrahegem\u00f3nicas y proyectos emancipatorios: desaf\u00edos, rupturas y organizaci\u00f3n.\r\n\r\nCon la participaci\u00f3n de:\r\n\ud83d\udd38 Sandra Iturrieta Olivares (Chile)\r\n\ud83d\udd38 Gisela Spasiuk (Argentina)\r\n\ud83d\udd38 Carina Mojo (Brasil)\r\n\ud83d\udd38 Nidia Battilana (Paraguay)\r\n\ud83d\udd38 Sandra Sande (Uruguay)\r\n\r\n\ud83c\udf0e \u00a1Un espacio fundamental para reflexionar sobre el futuro de nuestra profesi\u00f3n en la regi\u00f3n!\r\n\r\n#TrabajoSocial #ALAEITS #ConoSur #100A\u00f1osTS #SeminarioALAETS2025<\/span><\/div>\n                                                                                                <div class=\"events-date\"><i class=\"ion-calendar\"><\/i><span class=\"text\">\n                                16 Jun 2025                                <\/span><\/div>\n                                                            <\/div>\n                        <\/article><!-- \/.sabbi-events-item -->\n                    <\/div> \n\n                     \n                                        <div class=\"col-sm-6\">\n                        <article class=\"sabbi-events-item kc-elm kc-css-679123\">\n                            <a href=\"https:\/\/observatoriolatinoamericano.cl\/index.php\/evento_observatorio\/4a-edicao-dos-dialogos-sobre-covid-19-divulga-programacao-evento-ocorre-entre-os-dias-21-e-23-de-maio\/\" class=\"sabbi-events-link\">\n                                <figure>\n                                    <img src=\"https:\/\/observatoriolatinoamericano.cl\/wp-content\/uploads\/2025\/05\/afiche_4_dialogos.jpeg\" class=\"sabbi-events-img img-responsive\" alt=\"\" loading=\"lazy\" \/>                                    <figcaption>\n                                        <h2 class=\"sabbi-events-title font-md__x\">Evento Internacional UFPI-Brasil<\/h2>\n                                    <\/figcaption>\n                                <\/figure>\n                            <\/a>\n                            <div class=\"events-item-meta\">\n                                                                <div class=\"events-loc\"><i class=\"ion-location\"><\/i><span class=\"text\">Local do Evento\r\nUniversidade Federal do Piau\u00ed\r\nCine Teatro da UFPI - Campus Universit\u00e1rio Ministro Petr\u00f4nio Portella, Teresina - PI, 64049-550 \r\n\r\n\r\n\r\n\r\n  \r\n  <title>Reuni\u00f3n Zoom<\/title>\r\n\r\n\r\n  <h2>Haz clic en el enlace para unirte al evento v\u00eda Zoom:<\/h2>\r\n  <a href=\"https:\/\/us06web.zoom.us\/j\/89363375740?pwd=7eB7lO85opybOdfMYTWgcQ6Oakqj1b.1\" target=\"_blank\">\r\n    Unirse a la reuni\u00f3n Zoom\r\n  <\/a>\r\n<br>\r\n<br>\r\n<br>\r\n\r\n\r\n\r\n\r\n\r\n\r\n\r\n<\/span><\/div>\n                                                                                                <div class=\"events-date\"><i class=\"ion-calendar\"><\/i><span class=\"text\">\n                                23 May 2025                                <\/span><\/div>\n                                                            <\/div>\n                        <\/article><!-- \/.sabbi-events-item -->\n                    <\/div> \n\n                                            <div class=\"event-clearfix\"><\/div>\n                     \n                                        <div class=\"col-sm-6\">\n                        <article class=\"sabbi-events-item kc-elm kc-css-679123\">\n                            <a href=\"https:\/\/observatoriolatinoamericano.cl\/index.php\/evento_observatorio\/seminario-metodologias-de-investigacion-aplicaciones-y-perspectivas\/\" class=\"sabbi-events-link\">\n                                <figure>\n                                    <img src=\"https:\/\/observatoriolatinoamericano.cl\/wp-content\/uploads\/2024\/08\/Seminario-Metodologias-de-investigacion-aplicaciones-y-perspectivas1.png\" class=\"sabbi-events-img img-responsive\" alt=\"\" loading=\"lazy\" \/>                                    <figcaption>\n                                        <h2 class=\"sabbi-events-title font-md__x\">Seminario &#8220;Metodolog\u00edas de investigaci\u00f3n: aplicaciones y perspectivas&#8221;<\/h2>\n                                    <\/figcaption>\n                                <\/figure>\n                            <\/a>\n                            <div class=\"events-item-meta\">\n                                                                <div class=\"events-loc\"><i class=\"ion-location\"><\/i><span class=\"text\">Hora:  99:30 y 13:00 hrs \r\n\r\nEscuela de Trabajo Social PUCV\r\n\r\nOrganiza Fondecyt Regular  N\u00b01241012<\/span><\/div>\n                                                                                                <div class=\"events-date\"><i class=\"ion-calendar\"><\/i><span class=\"text\">\n                                7 Aug 2024                                <\/span><\/div>\n                                                            <\/div>\n                        <\/article><!-- \/.sabbi-events-item -->\n                    <\/div> \n\n                     \n                                        <div class=\"col-sm-6\">\n                        <article class=\"sabbi-events-item kc-elm kc-css-679123\">\n                            <a href=\"https:\/\/observatoriolatinoamericano.cl\/index.php\/evento_observatorio\/encuentro-internacional-de-presentacion-de-los-libros-del-nucleo-de-investigacion-sobre-las-profesiones-en-las-sociedades-contemporaneas-de-la-escuela-de-trabajo-social-de-la-pontificia-universidad-c\/\" class=\"sabbi-events-link\">\n                                <figure>\n                                    <img src=\"https:\/\/observatoriolatinoamericano.cl\/wp-content\/uploads\/2024\/04\/Presentacion_libros_Encuentro_Internacional.png\" class=\"sabbi-events-img img-responsive\" alt=\"\" loading=\"lazy\" \/>                                    <figcaption>\n                                        <h2 class=\"sabbi-events-title font-md__x\">Encuentro internacional de presentaci\u00f3n de los libros del N\u00facleo de Investigaci\u00f3n Sobre las Profesiones en las Sociedades Contempor\u00e1neas, de la Escuela de Trabajo Social de la Pontificia Universidad Cat\u00f3lica de Valpara\u00edso<\/h2>\n                                    <\/figcaption>\n                                <\/figure>\n                            <\/a>\n                            <div class=\"events-item-meta\">\n                                                                <div class=\"events-loc\"><i class=\"ion-location\"><\/i><span class=\"text\">Pontificia Universidad Cat\u00f3lica de Valpara\u00edso\r\nPiso 9 del Edificio Monse\u00f1or Gimpert.\r\nAvenida Brasil 2830, Valpara\u00edso, Chile.\r\nHORA 10:00 a 13:00 Hrs.\r\n\r\nV\u00cdA ZOOM\r\nID de reuni\u00f3n: 961 8472 4954\r\nC\u00f3digo de acceso: 548882\r\nhttps:\/\/pucv-cl.zoom.us\/j\/96184724954?pwd=UFlVTDVuRGZnSXlwSDhYb0x1c01jUT09<\/span><\/div>\n                                                                                                <div class=\"events-date\"><i class=\"ion-calendar\"><\/i><span class=\"text\">\n                                12 Apr 2024                                <\/span><\/div>\n                                                            <\/div>\n                        <\/article><!-- \/.sabbi-events-item -->\n                    <\/div> \n\n                                            <div class=\"event-clearfix\"><\/div>\n                     \n                                        <div class=\"col-sm-6\">\n                        <article class=\"sabbi-events-item kc-elm kc-css-679123\">\n                            <a href=\"https:\/\/observatoriolatinoamericano.cl\/index.php\/evento_observatorio\/lancamento-da-coletanea-atencao-a-saude-em-tempo-de-pandemia-da-covid-19-contextos-nacionais-e-internacionais\/\" class=\"sabbi-events-link\">\n                                <figure>\n                                    <img src=\"https:\/\/observatoriolatinoamericano.cl\/wp-content\/uploads\/2022\/08\/Lancamento_Livro_setembro_001.jpg\" class=\"sabbi-events-img img-responsive\" alt=\"\" loading=\"lazy\" \/>                                    <figcaption>\n                                        <h2 class=\"sabbi-events-title font-md__x\">LAN\u00c7AMENTO DA COLET\u00c2NEA Aten\u00e7\u00e3o \u00e0 sa\u00fade em tempo de pandemia da Covid-19: contextos nacionais e internacionais<\/h2>\n                                    <\/figcaption>\n                                <\/figure>\n                            <\/a>\n                            <div class=\"events-item-meta\">\n                                                                <div class=\"events-loc\"><i class=\"ion-location\"><\/i><span class=\"text\">Data: 1.09.2022\r\nHora: 14:00 horas\r\nTransmiss\u00e3o do lan\u00e7amento: Canal\r\ndo Youtube N\u00facleo FETPP UFPI<\/span><\/div>\n                                                                                                <div class=\"events-date\"><i class=\"ion-calendar\"><\/i><span class=\"text\">\n                                1 Sep 2022                                <\/span><\/div>\n                                                            <\/div>\n                        <\/article><!-- \/.sabbi-events-item -->\n                    <\/div> \n\n                     \n                                        <div class=\"col-sm-6\">\n                        <article class=\"sabbi-events-item kc-elm kc-css-679123\">\n                            <a href=\"https:\/\/observatoriolatinoamericano.cl\/index.php\/evento_observatorio\/seminario-repensar-la-formacion-de-pregrado-en-ciencias-sociales-en-chile-desde-los-imaginarios-del-futuro-del-trabajo-profesional\/\" class=\"sabbi-events-link\">\n                                <figure>\n                                    <img src=\"https:\/\/www.observatoriolatinoamericano.cl\/wp-content\/uploads\/2022\/04\/Repensar-la-formacion-de-pregrado-en-ciencias-sociales-en-Chile-desde-los-imaginarios-del-futuro-del-trabajo-profesional-11-de-abril-de-2022-1500-a-1730-hrs.-Online..jpg\" class=\"sabbi-events-img img-responsive\" alt=\"\" loading=\"lazy\" \/>                                    <figcaption>\n                                        <h2 class=\"sabbi-events-title font-md__x\">Seminario: Repensar la formaci\u00f3n de pregrado en ciencias sociales en Chile desde los imaginarios del futuro del trabajo profesional<\/h2>\n                                    <\/figcaption>\n                                <\/figure>\n                            <\/a>\n                            <div class=\"events-item-meta\">\n                                                                <div class=\"events-loc\"><i class=\"ion-location\"><\/i><span class=\"text\">En l\u00ednea\r\n<\/span><\/div>\n                                                                                                <div class=\"events-date\"><i class=\"ion-calendar\"><\/i><span class=\"text\">\n                                11 Abril 2022                                <\/span><\/div>\n                                                            <\/div>\n                        <\/article><!-- \/.sabbi-events-item -->\n                    <\/div> \n\n                                            <div class=\"event-clearfix\"><\/div>\n                     \n                                        <div class=\"col-sm-6\">\n                        <article class=\"sabbi-events-item kc-elm kc-css-679123\">\n                            <a href=\"https:\/\/observatoriolatinoamericano.cl\/index.php\/evento_observatorio\/presentacion-del-libro-vivir-en-tiempos-convulsionados\/\" class=\"sabbi-events-link\">\n                                <figure>\n                                                                        <figcaption>\n                                        <h2 class=\"sabbi-events-title font-md__x\">PRESENTACI\u00d3N DEL LIBRO VIVIR EN TIEMPOS CONVULSIONADOS<\/h2>\n                                    <\/figcaption>\n                                <\/figure>\n                            <\/a>\n                            <div class=\"events-item-meta\">\n                                                                <div class=\"events-loc\"><i class=\"ion-location\"><\/i><span class=\"text\">14:30 hrs. \r\n<\/span><\/div>\n                                                                                                <div class=\"events-date\"><i class=\"ion-calendar\"><\/i><span class=\"text\">\n                                28 Oct 2021                                <\/span><\/div>\n                                                            <\/div>\n                        <\/article><!-- \/.sabbi-events-item -->\n                    <\/div> \n\n                     \n                                        <div class=\"col-sm-6\">\n                        <article class=\"sabbi-events-item kc-elm kc-css-679123\">\n                            <a href=\"https:\/\/observatoriolatinoamericano.cl\/index.php\/evento_observatorio\/curso-dialogos-locais-nacionais-e-internacionais-sobre-a-pandemia-da-covid-19-em-diferentes-contextos-2a-edicao-2021-2022-produccion-de-conocimientos-em-trabajo-social-em-contexto-de-pandem\/\" class=\"sabbi-events-link\">\n                                <figure>\n                                                                        <figcaption>\n                                        <h2 class=\"sabbi-events-title font-md__x\">Curso di\u00e1logos locais, nacionais e internacionais sobre a pandemia da Covid-19 em diferentes contextos 2\u00aa Edi\u00e7\u00e3o 2021-2022: \u201cProducc\u00edon de Conocimientos em Trabajo Social em Contexto de Pandemia\u201d \u00e9 tema de palestra online realizada nesta ter\u00e7a (27)<\/h2>\n                                    <\/figcaption>\n                                <\/figure>\n                            <\/a>\n                            <div class=\"events-item-meta\">\n                                                                <div class=\"events-loc\"><i class=\"ion-location\"><\/i><span class=\"text\">Organizado por el N\u00facleo de Pesquisa Forma\u00e7\u00e3o, Educa\u00e7\u00e3o, Trabalho e Pol\u00edticas P\u00fablicas, UFI, Brasil<\/span><\/div>\n                                                                                                <div class=\"events-date\"><i class=\"ion-calendar\"><\/i><span class=\"text\">\n                                27 Apr 2021                                <\/span><\/div>\n                                                            <\/div>\n                        <\/article><!-- \/.sabbi-events-item -->\n                    <\/div> \n\n                                            <div class=\"event-clearfix\"><\/div>\n                     \n                                        <div class=\"col-sm-6\">\n                        <article class=\"sabbi-events-item kc-elm kc-css-679123\">\n                            <a href=\"https:\/\/observatoriolatinoamericano.cl\/index.php\/evento_observatorio\/trabajo-social-frente-a-las-encrucijadas-de-la-intervencion-profesional\/\" class=\"sabbi-events-link\">\n                                <figure>\n                                                                        <figcaption>\n                                        <h2 class=\"sabbi-events-title font-md__x\">Trabajo social frente a las encrucijadas de la intervenci\u00f3n profesional<\/h2>\n                                    <\/figcaption>\n                                <\/figure>\n                            <\/a>\n                            <div class=\"events-item-meta\">\n                                                                <div class=\"events-loc\"><i class=\"ion-location\"><\/i><span class=\"text\">Participaci\u00f3n de acad\u00e9micas de las Universidad de Chile, Ays\u00e9n, Sant\u00edsima Concepci\u00f3n y PUCV. <\/span><\/div>\n                                                                                                <div class=\"events-date\"><i class=\"ion-calendar\"><\/i><span class=\"text\">\n                                10 Jul 2020                                <\/span><\/div>\n                                                            <\/div>\n                        <\/article><!-- \/.sabbi-events-item -->\n                    <\/div> \n\n                     \n                                        <div class=\"col-sm-6\">\n                        <article class=\"sabbi-events-item kc-elm kc-css-679123\">\n                            <a href=\"https:\/\/observatoriolatinoamericano.cl\/index.php\/evento_observatorio\/dialogos-metodologicos-sobre-subjetividades-profesiones-trabajo-y-territorios\/\" class=\"sabbi-events-link\">\n                                <figure>\n                                                                        <figcaption>\n                                        <h2 class=\"sabbi-events-title font-md__x\">Di\u00e1logos metodol\u00f3gicos sobre subjetividades: Profesiones, trabajo y territorios<\/h2>\n                                    <\/figcaption>\n                                <\/figure>\n                            <\/a>\n                            <div class=\"events-item-meta\">\n                                                                                                <div class=\"events-date\"><i class=\"ion-calendar\"><\/i><span class=\"text\">\n                                6 Aug 2019                                <\/span><\/div>\n                                                            <\/div>\n                        <\/article><!-- \/.sabbi-events-item -->\n                    <\/div> \n\n                                            <div class=\"event-clearfix\"><\/div>\n                     \n                                        <div class=\"col-sm-6\">\n                        <article class=\"sabbi-events-item kc-elm kc-css-679123\">\n                            <a href=\"https:\/\/observatoriolatinoamericano.cl\/index.php\/evento_observatorio\/dialogos-metodologicos-sobre-subjetividades-profesiones-trabajo-y-territorios-presentacion-de-ponencias\/\" class=\"sabbi-events-link\">\n                                <figure>\n                                    <img src=\"https:\/\/www.observatoriolatinoamericano.cl\/wp-content\/uploads\/2021\/06\/foto_00000003201909061137401-1.jpg\" class=\"sabbi-events-img img-responsive\" alt=\"\" loading=\"lazy\" \/>                                    <figcaption>\n                                        <h2 class=\"sabbi-events-title font-md__x\">Seminario: Di\u00e1logos metodol\u00f3gicos sobre subjetividades: Profesiones, trabajo y territorios.\u201d<\/h2>\n                                    <\/figcaption>\n                                <\/figure>\n                            <\/a>\n                            <div class=\"events-item-meta\">\n                                                                <div class=\"events-loc\"><i class=\"ion-location\"><\/i><span class=\"text\">\r\nFECHA DEL EVENTO \t12 de septiembre\r\nHORA DEL EVENTO \t14:30 horas\r\nLUGAR DEL EVENTO \t\r\n\r\nSala 1-35 Casa Central PUCV. Avenida Brasil 2950, Valpara\u00edso\r\n\r\nhttp:\/\/www.pucv.cl\/uuaa\/facea\/agenda\/seminario-dialogos-metodologicos-sobre-subjetividades-profesiones\r\n\r\nInscripciones: https:\/\/cutt.ly\/HwRChMw\r\n\r\nPresentaci\u00f3n de ponencias:\r\nGuillermo Rivera: \u201cGobernar la juventud vulnerable: la regulaci\u00f3n social del empleo juvenil y la producci\u00f3n de sujetos laborales\u201d\r\n\r\nCl\u00e9ment Colin: \"Nostalgias, memorias y arraigos: una propuesta metodol\u00f3gica\"\r\n\r\nSandra Iturrieta: \u201cSubjetividades de profesionales interviniendo en lo social: Una mirada cuali-cuantitativa\u201d\r\n\r\nRa\u00fal Hozven: \"Narrativas de una profesi\u00f3n en tiempos manageriales\"\r\n<\/span><\/div>\n                                                                                                <div class=\"events-date\"><i class=\"ion-calendar\"><\/i><span class=\"text\">\n                                12 Sep 2019                                <\/span><\/div>\n                                                            <\/div>\n                        <\/article><!-- \/.sabbi-events-item -->\n                    <\/div> \n\n                     \n                                        <div class=\"col-sm-6\">\n                        <article class=\"sabbi-events-item kc-elm kc-css-679123\">\n                            <a href=\"https:\/\/observatoriolatinoamericano.cl\/index.php\/evento_observatorio\/seminario-trayectorias-y-desafios-de-la-formacion-para-el-trabajo\/\" class=\"sabbi-events-link\">\n                                <figure>\n                                    <img src=\"https:\/\/www.observatoriolatinoamericano.cl\/wp-content\/uploads\/2021\/06\/Afiche-Trayectorias-y-desafios-de-la-formacion-para-el-trabajo_001.png\" class=\"sabbi-events-img img-responsive\" alt=\"\" loading=\"lazy\" \/>                                    <figcaption>\n                                        <h2 class=\"sabbi-events-title font-md__x\">Seminario \u201cTrayectorias y desaf\u00edos de la formaci\u00f3n para el trabajo\u201d<\/h2>\n                                    <\/figcaption>\n                                <\/figure>\n                            <\/a>\n                            <div class=\"events-item-meta\">\n                                                                                                <div class=\"events-date\"><i class=\"ion-calendar\"><\/i><span class=\"text\">\n                                25 Jun 2021                                <\/span><\/div>\n                                                            <\/div>\n                        <\/article><!-- \/.sabbi-events-item -->\n                    <\/div> \n\n                                            <div class=\"event-clearfix\"><\/div>\n                     \n                                    <\/div>\n               \n            <\/div><!-- \/.events_post-sagment -->\n            \n           \n                        <nav aria-label=\"Page navigation\" class=\"pagination_wraper\">\n                        <\/nav>\n                        \n        <\/div>\n    <\/div><!-- #primary -->\n     <div class=\"kc-elm kc-css-309215 kc_col-sm-12 kc_column kc_col-sm-12\"><div class=\"kc-col-container\"><\/div><\/div><\/div><\/div><\/section>\n","protected":false},"excerpt":{"rendered":"","protected":false},"author":1,"featured_media":3718,"parent":0,"menu_order":0,"comment_status":"closed","ping_status":"closed","template":"","meta":[],"_links":{"self":[{"href":"https:\/\/observatoriolatinoamericano.cl\/index.php\/wp-json\/wp\/v2\/pages\/257"}],"collection":[{"href":"https:\/\/observatoriolatinoamericano.cl\/index.php\/wp-json\/wp\/v2\/pages"}],"about":[{"href":"https:\/\/observatoriolatinoamericano.cl\/index.php\/wp-json\/wp\/v2\/types\/page"}],"author":[{"embeddable":true,"href":"https:\/\/observatoriolatinoamericano.cl\/index.php\/wp-json\/wp\/v2\/users\/1"}],"replies":[{"embeddable":true,"href":"https:\/\/observatoriolatinoamericano.cl\/index.php\/wp-json\/wp\/v2\/comments?post=257"}],"version-history":[{"count":10,"href":"https:\/\/observatoriolatinoamericano.cl\/index.php\/wp-json\/wp\/v2\/pages\/257\/revisions"}],"predecessor-version":[{"id":3436,"href":"https:\/\/observatoriolatinoamericano.cl\/index.php\/wp-json\/wp\/v2\/pages\/257\/revisions\/3436"}],"wp:featuredmedia":[{"embeddable":true,"href":"https:\/\/observatoriolatinoamericano.cl\/index.php\/wp-json\/wp\/v2\/media\/3718"}],"wp:attachment":[{"href":"https:\/\/observatoriolatinoamericano.cl\/index.php\/wp-json\/wp\/v2\/media?parent=257"}],"curies":[{"name":"wp","href":"https:\/\/api.w.org\/{rel}","templated":true}]}}